{"id":5722,"date":"2019-07-15T13:08:11","date_gmt":"2019-07-15T15:08:11","guid":{"rendered":"http:\/\/www.abip.org.br\/site\/?page_id=5722"},"modified":"2019-07-15T13:08:18","modified_gmt":"2019-07-15T15:08:18","slug":"opcoes-de-processos-e-ingredientes-para-melhorar-o-valor-nutricional-do-pao","status":"publish","type":"page","link":"https:\/\/www.abip.org.br\/site\/opcoes-de-processos-e-ingredientes-para-melhorar-o-valor-nutricional-do-pao\/","title":{"rendered":"Op\u00e7\u00f5es de processos e Ingredientes para melhorar o valor nutricional do p\u00e3o"},"content":{"rendered":"<p><a href=\"http:\/\/www.abip.org.br\/site\/wp-content\/uploads\/2019\/07\/OPC\u0327O\u0303ES-DE-PROCESSOS-E-INGREDIENTES-PARA-AUMENTAR-O-VALOR-NUTRICIONAL-DO-PA\u0303O.pdf\"><img fetchpriority=\"high\" decoding=\"async\" class=\"size-large wp-image-5723 aligncenter\" src=\"http:\/\/www.abip.org.br\/site\/wp-content\/uploads\/2019\/07\/Captura-de-Tela-2019-07-15-a\u0300s-12.07.20-719x1024.jpg\" alt=\"\" width=\"620\" height=\"883\" srcset=\"https:\/\/www.abip.org.br\/site\/wp-content\/uploads\/2019\/07\/Captura-de-Tela-2019-07-15-a\u0300s-12.07.20-719x1024.jpg 719w, https:\/\/www.abip.org.br\/site\/wp-content\/uploads\/2019\/07\/Captura-de-Tela-2019-07-15-a\u0300s-12.07.20-211x300.jpg 211w, https:\/\/www.abip.org.br\/site\/wp-content\/uploads\/2019\/07\/Captura-de-Tela-2019-07-15-a\u0300s-12.07.20-768x1094.jpg 768w, https:\/\/www.abip.org.br\/site\/wp-content\/uploads\/2019\/07\/Captura-de-Tela-2019-07-15-a\u0300s-12.07.20.jpg 893w\" sizes=\"(max-width: 620px) 100vw, 620px\" \/><\/a><\/p>\n","protected":false},"excerpt":{"rendered":"","protected":false},"author":101029,"featured_media":0,"parent":0,"menu_order":0,"comment_status":"closed","ping_status":"closed","template":"","meta":{"footnotes":""},"class_list":["post-5722","page","type-page","status-publish","hentry"],"_links":{"self":[{"href":"https:\/\/www.abip.org.br\/site\/wp-json\/wp\/v2\/pages\/5722","targetHints":{"allow":["GET"]}}],"collection":[{"href":"https:\/\/www.abip.org.br\/site\/wp-json\/wp\/v2\/pages"}],"about":[{"href":"https:\/\/www.abip.org.br\/site\/wp-json\/wp\/v2\/types\/page"}],"author":[{"embeddable":true,"href":"https:\/\/www.abip.org.br\/site\/wp-json\/wp\/v2\/users\/101029"}],"replies":[{"embeddable":true,"href":"https:\/\/www.abip.org.br\/site\/wp-json\/wp\/v2\/comments?post=5722"}],"version-history":[{"count":2,"href":"https:\/\/www.abip.org.br\/site\/wp-json\/wp\/v2\/pages\/5722\/revisions"}],"predecessor-version":[{"id":5726,"href":"https:\/\/www.abip.org.br\/site\/wp-json\/wp\/v2\/pages\/5722\/revisions\/5726"}],"wp:attachment":[{"href":"https:\/\/www.abip.org.br\/site\/wp-json\/wp\/v2\/media?parent=5722"}],"curies":[{"name":"wp","href":"https:\/\/api.w.org\/{rel}","templated":true}]}}