{"id":42995,"date":"2025-11-28T16:10:36","date_gmt":"2025-11-28T18:10:36","guid":{"rendered":"https:\/\/www.abip.org.br\/site\/?page_id=42995"},"modified":"2026-01-26T11:45:12","modified_gmt":"2026-01-26T13:45:12","slug":"saudabilidade","status":"publish","type":"page","link":"https:\/\/www.abip.org.br\/site\/saudabilidade\/","title":{"rendered":"Saudabilidade"},"content":{"rendered":"\t\t<div data-elementor-type=\"wp-page\" data-elementor-id=\"42995\" class=\"elementor elementor-42995\" data-elementor-post-type=\"page\">\n\t\t\t\t\t\t<section class=\"elementor-section elementor-top-section elementor-element elementor-element-3663ae9 elementor-section-full_width elementor-section-height-default elementor-section-height-default\" data-id=\"3663ae9\" data-element_type=\"section\">\n\t\t\t\t\t\t<div class=\"elementor-container elementor-column-gap-no\">\n\t\t\t\t\t<div class=\"elementor-column elementor-col-100 elementor-top-column elementor-element elementor-element-b48089c\" data-id=\"b48089c\" data-element_type=\"column\">\n\t\t\t<div class=\"elementor-widget-wrap elementor-element-populated\">\n\t\t\t\t\t\t<div class=\"elementor-element elementor-element-d77a593 elementor-widget elementor-widget-image\" data-id=\"d77a593\" data-element_type=\"widget\" data-widget_type=\"image.default\">\n\t\t\t\t<div class=\"elementor-widget-container\">\n\t\t\t\t\t\t\t\t\t\t\t\t\t<img fetchpriority=\"high\" decoding=\"async\" width=\"1024\" height=\"123\" src=\"https:\/\/www.abip.org.br\/site\/wp-content\/uploads\/2025\/09\/cabecalho-interno-1024x123-1.jpg\" class=\"attachment-full size-full wp-image-42577\" alt=\"\" srcset=\"https:\/\/www.abip.org.br\/site\/wp-content\/uploads\/2025\/09\/cabecalho-interno-1024x123-1.jpg 1024w, https:\/\/www.abip.org.br\/site\/wp-content\/uploads\/2025\/09\/cabecalho-interno-1024x123-1-300x36.jpg 300w, https:\/\/www.abip.org.br\/site\/wp-content\/uploads\/2025\/09\/cabecalho-interno-1024x123-1-768x92.jpg 768w\" sizes=\"(max-width: 1024px) 100vw, 1024px\" \/>\t\t\t\t\t\t\t\t\t\t\t\t\t<\/div>\n\t\t\t\t<\/div>\n\t\t\t\t<div class=\"elementor-element elementor-element-6ac81f9 elementor-widget-divider--view-line elementor-widget elementor-widget-divider\" data-id=\"6ac81f9\" data-element_type=\"widget\" data-widget_type=\"divider.default\">\n\t\t\t\t<div class=\"elementor-widget-container\">\n\t\t\t\t\t<div class=\"elementor-divider\">\n\t\t\t<span class=\"elementor-divider-separator\">\n\t\t\t\t\t\t<\/span>\n\t\t<\/div>\n\t\t\t\t<\/div>\n\t\t\t\t<\/div>\n\t\t\t\t\t<\/div>\n\t\t<\/div>\n\t\t\t\t\t<\/div>\n\t\t<\/section>\n\t\t\t\t<section class=\"elementor-section elementor-top-section elementor-element elementor-element-ec4a766 elementor-section-boxed elementor-section-height-default elementor-section-height-default\" data-id=\"ec4a766\" data-element_type=\"section\" data-settings=\"{&quot;background_background&quot;:&quot;classic&quot;}\">\n\t\t\t\t\t\t<div class=\"elementor-container elementor-column-gap-default\">\n\t\t\t\t\t<div class=\"elementor-column elementor-col-100 elementor-top-column elementor-element elementor-element-9869f7a\" data-id=\"9869f7a\" data-element_type=\"column\">\n\t\t\t<div class=\"elementor-widget-wrap elementor-element-populated\">\n\t\t\t\t\t\t<div class=\"elementor-element elementor-element-02b3ff5 elementor-widget elementor-widget-image\" data-id=\"02b3ff5\" data-element_type=\"widget\" data-widget_type=\"image.default\">\n\t\t\t\t<div class=\"elementor-widget-container\">\n\t\t\t\t\t\t\t\t\t\t\t\t\t\t<a href=\"https:\/\/www.abip.org.br\/site\/abip-pelo-brasil\/\">\n\t\t\t\t\t\t\t<img decoding=\"async\" width=\"950\" height=\"300\" src=\"https:\/\/www.abip.org.br\/site\/wp-content\/uploads\/2025\/09\/baner-principal950x300.png\" class=\"attachment-full size-full wp-image-42560\" alt=\"\" srcset=\"https:\/\/www.abip.org.br\/site\/wp-content\/uploads\/2025\/09\/baner-principal950x300.png 950w, https:\/\/www.abip.org.br\/site\/wp-content\/uploads\/2025\/09\/baner-principal950x300-300x95.png 300w, https:\/\/www.abip.org.br\/site\/wp-content\/uploads\/2025\/09\/baner-principal950x300-768x243.png 768w\" sizes=\"(max-width: 950px) 100vw, 950px\" \/>\t\t\t\t\t\t\t\t<\/a>\n\t\t\t\t\t\t\t\t\t\t\t\t\t<\/div>\n\t\t\t\t<\/div>\n\t\t\t\t\t<\/div>\n\t\t<\/div>\n\t\t\t\t\t<\/div>\n\t\t<\/section>\n\t\t\t\t<section class=\"elementor-section elementor-top-section elementor-element elementor-element-05287ff elementor-section-boxed elementor-section-height-default elementor-section-height-default\" data-id=\"05287ff\" data-element_type=\"section\" data-settings=\"{&quot;background_background&quot;:&quot;classic&quot;}\">\n\t\t\t\t\t\t<div class=\"elementor-container elementor-column-gap-no\">\n\t\t\t\t\t<div class=\"elementor-column elementor-col-50 elementor-top-column elementor-element elementor-element-679446b\" data-id=\"679446b\" data-element_type=\"column\">\n\t\t\t<div class=\"elementor-widget-wrap elementor-element-populated\">\n\t\t\t\t\t\t<div class=\"elementor-element elementor-element-67cb96d elementor-widget elementor-widget-heading\" data-id=\"67cb96d\" data-element_type=\"widget\" data-widget_type=\"heading.default\">\n\t\t\t\t<div class=\"elementor-widget-container\">\n\t\t\t<h2 class=\"elementor-heading-title elementor-size-default\">Avalia\u00e7\u00e3o<\/h2>\t\t<\/div>\n\t\t\t\t<\/div>\n\t\t\t\t<div class=\"elementor-element elementor-element-320727f elementor-widget elementor-widget-text-editor\" data-id=\"320727f\" data-element_type=\"widget\" data-widget_type=\"text-editor.default\">\n\t\t\t\t<div class=\"elementor-widget-container\">\n\t\t\t\t\t\t\t<h4 style=\"text-align: center;\"><strong>Qualidade do P\u00e3o Franc\u00eas<\/strong><\/h4><p style=\"text-align: center;\"><strong><em>FA\u00c7A SUA AVALIA\u00c7\u00c3O GRATUITA AGORA<\/em><\/strong><\/p><h5 style=\"text-align: center;\">Avalie, analise e aprimore a qualidade do seu p\u00e3o tipo franc\u00eas com crit\u00e9rios t\u00e9cnicos precisos. Nossa ferramenta guia voc\u00ea por 13 atributos essenciais, gerando relat\u00f3rios detalhados para garantir o padr\u00e3o de excel\u00eancia da sua padaria.<\/h5>\t\t\t\t\t\t<\/div>\n\t\t\t\t<\/div>\n\t\t\t\t<div class=\"elementor-element elementor-element-6dcb5ec elementor-align-center elementor-widget elementor-widget-button\" data-id=\"6dcb5ec\" data-element_type=\"widget\" data-widget_type=\"button.default\">\n\t\t\t\t<div class=\"elementor-widget-container\">\n\t\t\t\t\t<div class=\"elementor-button-wrapper\">\n\t\t\t<a class=\"elementor-button elementor-button-link elementor-size-sm\" href=\"http:\/\/www.avaliadorpanificacao.com.br\/\" target=\"_blank\">\n\t\t\t\t\t\t<span class=\"elementor-button-content-wrapper\">\n\t\t\t\t\t\t<span class=\"elementor-button-icon\">\n\t\t\t\t<i aria-hidden=\"true\" class=\"fas fa-arrow-right\"><\/i>\t\t\t<\/span>\n\t\t\t\t\t\t\t\t\t<span class=\"elementor-button-text\">AVALIE AGORA<\/span>\n\t\t\t\t\t<\/span>\n\t\t\t\t\t<\/a>\n\t\t<\/div>\n\t\t\t\t<\/div>\n\t\t\t\t<\/div>\n\t\t\t\t\t<\/div>\n\t\t<\/div>\n\t\t\t\t<div class=\"elementor-column elementor-col-50 elementor-top-column elementor-element elementor-element-f319db4 elementor-hidden-tablet elementor-hidden-mobile\" data-id=\"f319db4\" data-element_type=\"column\">\n\t\t\t<div class=\"elementor-widget-wrap elementor-element-populated\">\n\t\t\t\t\t\t<div class=\"elementor-element elementor-element-abd6bf3 elementor-widget elementor-widget-image\" data-id=\"abd6bf3\" data-element_type=\"widget\" data-widget_type=\"image.default\">\n\t\t\t\t<div class=\"elementor-widget-container\">\n\t\t\t\t\t\t\t\t\t\t\t\t\t<img decoding=\"async\" width=\"509\" height=\"245\" src=\"https:\/\/www.abip.org.br\/site\/wp-content\/uploads\/2026\/01\/paofrances.png\" class=\"attachment-large size-large wp-image-43142\" alt=\"\" srcset=\"https:\/\/www.abip.org.br\/site\/wp-content\/uploads\/2026\/01\/paofrances.png 509w, https:\/\/www.abip.org.br\/site\/wp-content\/uploads\/2026\/01\/paofrances-300x144.png 300w\" sizes=\"(max-width: 509px) 100vw, 509px\" \/>\t\t\t\t\t\t\t\t\t\t\t\t\t<\/div>\n\t\t\t\t<\/div>\n\t\t\t\t\t<\/div>\n\t\t<\/div>\n\t\t\t\t\t<\/div>\n\t\t<\/section>\n\t\t\t\t<section class=\"elementor-section elementor-top-section elementor-element elementor-element-31b2225 elementor-section-boxed elementor-section-height-default elementor-section-height-default\" data-id=\"31b2225\" data-element_type=\"section\">\n\t\t\t\t\t\t<div class=\"elementor-container elementor-column-gap-default\">\n\t\t\t\t\t<div class=\"elementor-column elementor-col-33 elementor-top-column elementor-element elementor-element-140f9ac\" data-id=\"140f9ac\" data-element_type=\"column\">\n\t\t\t<div class=\"elementor-widget-wrap elementor-element-populated\">\n\t\t\t\t\t\t<div class=\"elementor-element elementor-element-6f4a2b1 elementor-widget elementor-widget-image\" data-id=\"6f4a2b1\" data-element_type=\"widget\" data-widget_type=\"image.default\">\n\t\t\t\t<div class=\"elementor-widget-container\">\n\t\t\t\t\t\t\t\t\t\t\t\t\t\t<a href=\"https:\/\/www.abip.org.br\/site\/abip-pelo-brasil\/\">\n\t\t\t\t\t\t\t<img loading=\"lazy\" decoding=\"async\" width=\"324\" height=\"109\" src=\"https:\/\/www.abip.org.br\/site\/wp-content\/uploads\/2025\/09\/logo-ultimo.png\" class=\"attachment-large size-large wp-image-42572\" alt=\"\" srcset=\"https:\/\/www.abip.org.br\/site\/wp-content\/uploads\/2025\/09\/logo-ultimo.png 324w, https:\/\/www.abip.org.br\/site\/wp-content\/uploads\/2025\/09\/logo-ultimo-300x101.png 300w\" sizes=\"(max-width: 324px) 100vw, 324px\" \/>\t\t\t\t\t\t\t\t<\/a>\n\t\t\t\t\t\t\t\t\t\t\t\t\t<\/div>\n\t\t\t\t<\/div>\n\t\t\t\t\t<\/div>\n\t\t<\/div>\n\t\t\t\t<div class=\"elementor-column elementor-col-33 elementor-top-column elementor-element elementor-element-77a3140\" data-id=\"77a3140\" data-element_type=\"column\" data-settings=\"{&quot;background_background&quot;:&quot;classic&quot;}\">\n\t\t\t<div class=\"elementor-widget-wrap elementor-element-populated\">\n\t\t\t\t\t\t<div class=\"elementor-element elementor-element-cf19218 elementor-widget elementor-widget-spacer\" data-id=\"cf19218\" data-element_type=\"widget\" data-widget_type=\"spacer.default\">\n\t\t\t\t<div class=\"elementor-widget-container\">\n\t\t\t\t\t<div class=\"elementor-spacer\">\n\t\t\t<div class=\"elementor-spacer-inner\"><\/div>\n\t\t<\/div>\n\t\t\t\t<\/div>\n\t\t\t\t<\/div>\n\t\t\t\t<div class=\"elementor-element elementor-element-09f870d elementor-widget elementor-widget-heading\" data-id=\"09f870d\" data-element_type=\"widget\" data-widget_type=\"heading.default\">\n\t\t\t\t<div class=\"elementor-widget-container\">\n\t\t\t<h2 class=\"elementor-heading-title elementor-size-default\"><a href=\"https:\/\/www.abip.org.br\/site\/abip-pelo-brasil\/\">Conhe\u00e7a mais conte\u00fados e <BR>ferramentas para o seu neg\u00f3cio  \n\n<\/a><\/h2>\t\t<\/div>\n\t\t\t\t<\/div>\n\t\t\t\t\t<\/div>\n\t\t<\/div>\n\t\t\t\t<div class=\"elementor-column elementor-col-33 elementor-top-column elementor-element elementor-element-c4b06d0\" data-id=\"c4b06d0\" data-element_type=\"column\">\n\t\t\t<div class=\"elementor-widget-wrap elementor-element-populated\">\n\t\t\t\t\t\t<div class=\"elementor-element elementor-element-9826543 elementor-widget elementor-widget-image\" data-id=\"9826543\" data-element_type=\"widget\" data-widget_type=\"image.default\">\n\t\t\t\t<div class=\"elementor-widget-container\">\n\t\t\t\t\t\t\t\t\t\t\t\t\t<img loading=\"lazy\" decoding=\"async\" width=\"94\" height=\"145\" src=\"https:\/\/www.abip.org.br\/site\/wp-content\/uploads\/2025\/09\/selo-crescimentoinovacao.png\" class=\"attachment-large size-large wp-image-42578\" alt=\"\" \/>\t\t\t\t\t\t\t\t\t\t\t\t\t<\/div>\n\t\t\t\t<\/div>\n\t\t\t\t\t<\/div>\n\t\t<\/div>\n\t\t\t\t\t<\/div>\n\t\t<\/section>\n\t\t\t\t<\/div>\n\t\t","protected":false},"excerpt":{"rendered":"<p>Avalia\u00e7\u00e3o Qualidade do P\u00e3o Franc\u00eas FA\u00c7A SUA AVALIA\u00c7\u00c3O GRATUITA AGORA Avalie, analise e aprimore a qualidade do seu p\u00e3o tipo franc\u00eas com crit\u00e9rios t\u00e9cnicos precisos. Nossa ferramenta guia voc\u00ea por 13 atributos essenciais, gerando relat\u00f3rios detalhados para garantir o padr\u00e3o de excel\u00eancia da sua padaria. AVALIE AGORA Conhe\u00e7a mais conte\u00fados e ferramentas para o seu [&hellip;]<\/p>\n","protected":false},"author":1,"featured_media":0,"parent":0,"menu_order":0,"comment_status":"closed","ping_status":"closed","template":"elementor_header_footer","meta":{"footnotes":""},"class_list":["post-42995","page","type-page","status-publish","hentry"],"_links":{"self":[{"href":"https:\/\/www.abip.org.br\/site\/wp-json\/wp\/v2\/pages\/42995","targetHints":{"allow":["GET"]}}],"collection":[{"href":"https:\/\/www.abip.org.br\/site\/wp-json\/wp\/v2\/pages"}],"about":[{"href":"https:\/\/www.abip.org.br\/site\/wp-json\/wp\/v2\/types\/page"}],"author":[{"embeddable":true,"href":"https:\/\/www.abip.org.br\/site\/wp-json\/wp\/v2\/users\/1"}],"replies":[{"embeddable":true,"href":"https:\/\/www.abip.org.br\/site\/wp-json\/wp\/v2\/comments?post=42995"}],"version-history":[{"count":37,"href":"https:\/\/www.abip.org.br\/site\/wp-json\/wp\/v2\/pages\/42995\/revisions"}],"predecessor-version":[{"id":43145,"href":"https:\/\/www.abip.org.br\/site\/wp-json\/wp\/v2\/pages\/42995\/revisions\/43145"}],"wp:attachment":[{"href":"https:\/\/www.abip.org.br\/site\/wp-json\/wp\/v2\/media?parent=42995"}],"curies":[{"name":"wp","href":"https:\/\/api.w.org\/{rel}","templated":true}]}}