{"id":42765,"date":"2025-09-29T12:24:37","date_gmt":"2025-09-29T14:24:37","guid":{"rendered":"https:\/\/www.abip.org.br\/site\/?page_id=42765"},"modified":"2025-09-30T10:23:47","modified_gmt":"2025-09-30T12:23:47","slug":"pao-e-energia-pao-e-na-padaria","status":"publish","type":"page","link":"https:\/\/www.abip.org.br\/site\/pao-e-energia-pao-e-na-padaria\/","title":{"rendered":"P\u00e3o \u00e9 Energia, P\u00e3o \u00e9 na Padaria"},"content":{"rendered":"\t\t<div data-elementor-type=\"wp-page\" data-elementor-id=\"42765\" class=\"elementor elementor-42765\" data-elementor-post-type=\"page\">\n\t\t\t\t\t\t<section class=\"elementor-section elementor-top-section elementor-element elementor-element-3663ae9 elementor-section-full_width elementor-section-height-default elementor-section-height-default\" data-id=\"3663ae9\" data-element_type=\"section\">\n\t\t\t\t\t\t<div class=\"elementor-container elementor-column-gap-no\">\n\t\t\t\t\t<div class=\"elementor-column elementor-col-100 elementor-top-column elementor-element elementor-element-b48089c\" data-id=\"b48089c\" data-element_type=\"column\">\n\t\t\t<div class=\"elementor-widget-wrap elementor-element-populated\">\n\t\t\t\t\t\t<div class=\"elementor-element elementor-element-d77a593 elementor-widget elementor-widget-image\" data-id=\"d77a593\" data-element_type=\"widget\" data-widget_type=\"image.default\">\n\t\t\t\t<div class=\"elementor-widget-container\">\n\t\t\t\t\t\t\t\t\t\t\t\t\t<img fetchpriority=\"high\" decoding=\"async\" width=\"1024\" height=\"123\" src=\"https:\/\/www.abip.org.br\/site\/wp-content\/uploads\/2025\/09\/cabecalho-interno-1024x123-1.jpg\" class=\"attachment-full size-full wp-image-42577\" alt=\"\" srcset=\"https:\/\/www.abip.org.br\/site\/wp-content\/uploads\/2025\/09\/cabecalho-interno-1024x123-1.jpg 1024w, https:\/\/www.abip.org.br\/site\/wp-content\/uploads\/2025\/09\/cabecalho-interno-1024x123-1-300x36.jpg 300w, https:\/\/www.abip.org.br\/site\/wp-content\/uploads\/2025\/09\/cabecalho-interno-1024x123-1-768x92.jpg 768w\" sizes=\"(max-width: 1024px) 100vw, 1024px\" \/>\t\t\t\t\t\t\t\t\t\t\t\t\t<\/div>\n\t\t\t\t<\/div>\n\t\t\t\t<div class=\"elementor-element elementor-element-6ac81f9 elementor-widget-divider--view-line elementor-widget elementor-widget-divider\" data-id=\"6ac81f9\" data-element_type=\"widget\" data-widget_type=\"divider.default\">\n\t\t\t\t<div class=\"elementor-widget-container\">\n\t\t\t\t\t<div class=\"elementor-divider\">\n\t\t\t<span class=\"elementor-divider-separator\">\n\t\t\t\t\t\t<\/span>\n\t\t<\/div>\n\t\t\t\t<\/div>\n\t\t\t\t<\/div>\n\t\t\t\t\t<\/div>\n\t\t<\/div>\n\t\t\t\t\t<\/div>\n\t\t<\/section>\n\t\t\t\t<section class=\"elementor-section elementor-top-section elementor-element elementor-element-ec4a766 elementor-section-boxed elementor-section-height-default elementor-section-height-default\" data-id=\"ec4a766\" data-element_type=\"section\" data-settings=\"{&quot;background_background&quot;:&quot;classic&quot;}\">\n\t\t\t\t\t\t<div class=\"elementor-container elementor-column-gap-default\">\n\t\t\t\t\t<div class=\"elementor-column elementor-col-100 elementor-top-column elementor-element elementor-element-9869f7a\" data-id=\"9869f7a\" data-element_type=\"column\">\n\t\t\t<div class=\"elementor-widget-wrap elementor-element-populated\">\n\t\t\t\t\t\t<div class=\"elementor-element elementor-element-02b3ff5 elementor-widget elementor-widget-image\" data-id=\"02b3ff5\" data-element_type=\"widget\" data-widget_type=\"image.default\">\n\t\t\t\t<div class=\"elementor-widget-container\">\n\t\t\t\t\t\t\t\t\t\t\t\t\t<img decoding=\"async\" width=\"950\" height=\"299\" src=\"https:\/\/www.abip.org.br\/site\/wp-content\/uploads\/2025\/09\/baner-site.png\" class=\"attachment-full size-full wp-image-42777\" alt=\"\" srcset=\"https:\/\/www.abip.org.br\/site\/wp-content\/uploads\/2025\/09\/baner-site.png 950w, https:\/\/www.abip.org.br\/site\/wp-content\/uploads\/2025\/09\/baner-site-300x94.png 300w, https:\/\/www.abip.org.br\/site\/wp-content\/uploads\/2025\/09\/baner-site-768x242.png 768w\" sizes=\"(max-width: 950px) 100vw, 950px\" \/>\t\t\t\t\t\t\t\t\t\t\t\t\t<\/div>\n\t\t\t\t<\/div>\n\t\t\t\t\t<\/div>\n\t\t<\/div>\n\t\t\t\t\t<\/div>\n\t\t<\/section>\n\t\t\t\t<section class=\"elementor-section elementor-top-section elementor-element elementor-element-4432cf8 elementor-section-boxed elementor-section-height-default elementor-section-height-default\" data-id=\"4432cf8\" data-element_type=\"section\">\n\t\t\t\t\t\t<div class=\"elementor-container elementor-column-gap-no\">\n\t\t\t\t\t<div class=\"elementor-column elementor-col-100 elementor-top-column elementor-element elementor-element-f282a95\" data-id=\"f282a95\" data-element_type=\"column\">\n\t\t\t<div class=\"elementor-widget-wrap elementor-element-populated\">\n\t\t\t\t\t\t<section class=\"elementor-section elementor-inner-section elementor-element elementor-element-91dedb7 elementor-section-boxed elementor-section-height-default elementor-section-height-default\" data-id=\"91dedb7\" data-element_type=\"section\">\n\t\t\t\t\t\t<div class=\"elementor-container elementor-column-gap-wider\">\n\t\t\t\t\t<div class=\"elementor-column elementor-col-50 elementor-inner-column elementor-element elementor-element-bf735fe\" data-id=\"bf735fe\" data-element_type=\"column\">\n\t\t\t<div class=\"elementor-widget-wrap elementor-element-populated\">\n\t\t\t\t\t\t<div class=\"elementor-element elementor-element-88a7250 elementor-widget elementor-widget-text-editor\" data-id=\"88a7250\" data-element_type=\"widget\" data-widget_type=\"text-editor.default\">\n\t\t\t\t<div class=\"elementor-widget-container\">\n\t\t\t\t\t\t\tP\u00c3O \u00c9 ENERGIA, P\u00c3O \u00c9 NA PADARIA \u2013 O SABOR DO BRASIL, FRESQUINHO\nTODOS OS DIAS \t\t\t\t\t\t<\/div>\n\t\t\t\t<\/div>\n\t\t\t\t<div class=\"elementor-element elementor-element-cb88477 elementor-widget elementor-widget-text-editor\" data-id=\"cb88477\" data-element_type=\"widget\" data-widget_type=\"text-editor.default\">\n\t\t\t\t<div class=\"elementor-widget-container\">\n\t\t\t\t\t\t\t<p style=\"text-align: left;\">Nada substitui o <strong>cheiro do p\u00e3o franc\u00eas saindo do forno<\/strong>. Quentinho, dourado, feito na hora. O p\u00e3o de padaria n\u00e3o \u00e9 s\u00f3 alimento \u2013 \u00e9 tradi\u00e7\u00e3o, energia e qualidade de vida para milh\u00f5es de brasileiros.<\/p><p>Na padaria, cada p\u00e3o \u00e9 preparado <strong>diariamente com ingredientes frescos e de verdade<\/strong>: farinha de trigo, \u00e1gua, fermento, sal\u2026 e muito amor. Essa combina\u00e7\u00e3o transforma um alimento b\u00e1sico em mem\u00f3rias e momentos \u00fanicos..<\/p><p><strong>Compre p\u00e3o na padaria, valorize o com\u00e9rcio local e encha sua rotina de sabor, sa\u00fade e energia!<\/strong><\/p>\t\t\t\t\t\t<\/div>\n\t\t\t\t<\/div>\n\t\t\t\t<div class=\"elementor-element elementor-element-c068bc6 elementor-widget elementor-widget-image\" data-id=\"c068bc6\" data-element_type=\"widget\" data-widget_type=\"image.default\">\n\t\t\t\t<div class=\"elementor-widget-container\">\n\t\t\t\t\t\t\t\t\t\t\t\t\t<img decoding=\"async\" width=\"478\" height=\"231\" src=\"https:\/\/www.abip.org.br\/site\/wp-content\/uploads\/2025\/09\/modelo1-site.png\" class=\"attachment-large size-large wp-image-42774\" alt=\"\" srcset=\"https:\/\/www.abip.org.br\/site\/wp-content\/uploads\/2025\/09\/modelo1-site.png 478w, https:\/\/www.abip.org.br\/site\/wp-content\/uploads\/2025\/09\/modelo1-site-300x145.png 300w\" sizes=\"(max-width: 478px) 100vw, 478px\" \/>\t\t\t\t\t\t\t\t\t\t\t\t\t<\/div>\n\t\t\t\t<\/div>\n\t\t\t\t\t<\/div>\n\t\t<\/div>\n\t\t\t\t<div class=\"elementor-column elementor-col-50 elementor-inner-column elementor-element elementor-element-2999d14\" data-id=\"2999d14\" data-element_type=\"column\">\n\t\t\t<div class=\"elementor-widget-wrap elementor-element-populated\">\n\t\t\t\t\t\t<div class=\"elementor-element elementor-element-5bef6e9 elementor-widget elementor-widget-image\" data-id=\"5bef6e9\" data-element_type=\"widget\" data-widget_type=\"image.default\">\n\t\t\t\t<div class=\"elementor-widget-container\">\n\t\t\t\t\t\t\t\t\t\t\t\t\t<img loading=\"lazy\" decoding=\"async\" width=\"265\" height=\"529\" src=\"https:\/\/www.abip.org.br\/site\/wp-content\/uploads\/2025\/09\/modelo2-site.png\" class=\"attachment-full size-full wp-image-42775\" alt=\"\" srcset=\"https:\/\/www.abip.org.br\/site\/wp-content\/uploads\/2025\/09\/modelo2-site.png 265w, https:\/\/www.abip.org.br\/site\/wp-content\/uploads\/2025\/09\/modelo2-site-150x300.png 150w\" sizes=\"(max-width: 265px) 100vw, 265px\" \/>\t\t\t\t\t\t\t\t\t\t\t\t\t<\/div>\n\t\t\t\t<\/div>\n\t\t\t\t\t<\/div>\n\t\t<\/div>\n\t\t\t\t\t<\/div>\n\t\t<\/section>\n\t\t\t\t\t<\/div>\n\t\t<\/div>\n\t\t\t\t\t<\/div>\n\t\t<\/section>\n\t\t\t\t<section class=\"elementor-section elementor-top-section elementor-element elementor-element-75af90d elementor-section-boxed elementor-section-height-default elementor-section-height-default\" data-id=\"75af90d\" data-element_type=\"section\" data-settings=\"{&quot;background_background&quot;:&quot;classic&quot;}\">\n\t\t\t\t\t\t<div class=\"elementor-container elementor-column-gap-default\">\n\t\t\t\t\t<div class=\"elementor-column elementor-col-100 elementor-top-column elementor-element elementor-element-9b9135d\" data-id=\"9b9135d\" data-element_type=\"column\">\n\t\t\t<div class=\"elementor-widget-wrap elementor-element-populated\">\n\t\t\t\t\t\t<div class=\"elementor-element elementor-element-8f6b3ff elementor-align-center elementor-widget elementor-widget-button\" data-id=\"8f6b3ff\" data-element_type=\"widget\" data-widget_type=\"button.default\">\n\t\t\t\t<div class=\"elementor-widget-container\">\n\t\t\t\t\t<div class=\"elementor-button-wrapper\">\n\t\t\t<a class=\"elementor-button elementor-button-link elementor-size-sm\" href=\"#elementor-action%3Aaction%3Dpopup%3Aopen%26settings%3DeyJpZCI6IjQyODMwIiwidG9nZ2xlIjpmYWxzZX0%3D\">\n\t\t\t\t\t\t<span class=\"elementor-button-content-wrapper\">\n\t\t\t\t\t\t\t\t\t<span class=\"elementor-button-text\">BAIXE AQUI A CAMPANHA P\u00c3O \u00c9 ENERGIA, P\u00c3O \u00c9 NA PADARIA<\/span>\n\t\t\t\t\t<\/span>\n\t\t\t\t\t<\/a>\n\t\t<\/div>\n\t\t\t\t<\/div>\n\t\t\t\t<\/div>\n\t\t\t\t<div class=\"elementor-element elementor-element-f7d543b elementor-widget elementor-widget-text-editor\" data-id=\"f7d543b\" data-element_type=\"widget\" data-widget_type=\"text-editor.default\">\n\t\t\t\t<div class=\"elementor-widget-container\">\n\t\t\t\t\t\t\t<h5><strong>Campanha #P\u00e3o\u00c9energia #P\u00e3o\u00c9naPadaria<\/strong><\/h5><p>A Associa\u00e7\u00e3o Brasileira da Ind\u00fastria de Panifica\u00e7\u00e3o e Confeitaria (Abip), em parceria com o Sebrae Nacional, lan\u00e7a a campanha #P\u00e3o\u00c9energiar #P\u00e3o\u00e9NaPadaria para mobilizar todo o Brasil a valorizar o consumo de p\u00e3o franc\u00eas e demais panificados e refor\u00e7ar a padaria como protagonista dessa fonte de energia.<\/p><p>Queremos mostrar que o p\u00e3o fresco \u00e9 mais do que alimento: \u00e9 energia, cultura, bem-estar e sa\u00fade no dia a dia.<\/p><p><strong>Uma variedade de pe\u00e7as para divulgar a Campanha como e onde quiser<\/strong><\/p>\t\t\t\t\t\t<\/div>\n\t\t\t\t<\/div>\n\t\t\t\t<section class=\"elementor-section elementor-inner-section elementor-element elementor-element-bfb676e elementor-section-boxed elementor-section-height-default elementor-section-height-default\" data-id=\"bfb676e\" data-element_type=\"section\">\n\t\t\t\t\t\t<div class=\"elementor-container elementor-column-gap-default\">\n\t\t\t\t\t<div class=\"elementor-column elementor-col-50 elementor-inner-column elementor-element elementor-element-c465481\" data-id=\"c465481\" data-element_type=\"column\">\n\t\t\t<div class=\"elementor-widget-wrap elementor-element-populated\">\n\t\t\t\t\t\t<div class=\"elementor-element elementor-element-d16d140 elementor-widget elementor-widget-heading\" data-id=\"d16d140\" data-element_type=\"widget\" data-widget_type=\"heading.default\">\n\t\t\t\t<div class=\"elementor-widget-container\">\n\t\t\t<h2 class=\"elementor-heading-title elementor-size-default\">CARTAZ\n<\/h2>\t\t<\/div>\n\t\t\t\t<\/div>\n\t\t\t\t<div class=\"elementor-element elementor-element-c047703 elementor-widget elementor-widget-heading\" data-id=\"c047703\" data-element_type=\"widget\" data-widget_type=\"heading.default\">\n\t\t\t\t<div class=\"elementor-widget-container\">\n\t\t\t<h2 class=\"elementor-heading-title elementor-size-default\">ADESIVOS<\/h2>\t\t<\/div>\n\t\t\t\t<\/div>\n\t\t\t\t<div class=\"elementor-element elementor-element-e3339a8 elementor-widget elementor-widget-heading\" data-id=\"e3339a8\" data-element_type=\"widget\" data-widget_type=\"heading.default\">\n\t\t\t\t<div class=\"elementor-widget-container\">\n\t\t\t<h2 class=\"elementor-heading-title elementor-size-default\">CAMISETA<\/h2>\t\t<\/div>\n\t\t\t\t<\/div>\n\t\t\t\t<div class=\"elementor-element elementor-element-9986360 elementor-widget elementor-widget-heading\" data-id=\"9986360\" data-element_type=\"widget\" data-widget_type=\"heading.default\">\n\t\t\t\t<div class=\"elementor-widget-container\">\n\t\t\t<h2 class=\"elementor-heading-title elementor-size-default\">CARDS E V\u00cdDEOS REDE SOCIAL\n<\/h2>\t\t<\/div>\n\t\t\t\t<\/div>\n\t\t\t\t<div class=\"elementor-element elementor-element-e9714c3 elementor-widget elementor-widget-heading\" data-id=\"e9714c3\" data-element_type=\"widget\" data-widget_type=\"heading.default\">\n\t\t\t\t<div class=\"elementor-widget-container\">\n\t\t\t<h2 class=\"elementor-heading-title elementor-size-default\">GIF\/FIGURINHA WHATSAPP\n<\/h2>\t\t<\/div>\n\t\t\t\t<\/div>\n\t\t\t\t<div class=\"elementor-element elementor-element-fc542f3 elementor-widget elementor-widget-heading\" data-id=\"fc542f3\" data-element_type=\"widget\" data-widget_type=\"heading.default\">\n\t\t\t\t<div class=\"elementor-widget-container\">\n\t\t\t<h2 class=\"elementor-heading-title elementor-size-default\">SACO DE P\u00c3O\n<\/h2>\t\t<\/div>\n\t\t\t\t<\/div>\n\t\t\t\t<div class=\"elementor-element elementor-element-e39eac0 elementor-widget elementor-widget-heading\" data-id=\"e39eac0\" data-element_type=\"widget\" data-widget_type=\"heading.default\">\n\t\t\t\t<div class=\"elementor-widget-container\">\n\t\t\t<h2 class=\"elementor-heading-title elementor-size-default\">WIND BANNER\n<\/h2>\t\t<\/div>\n\t\t\t\t<\/div>\n\t\t\t\t<div class=\"elementor-element elementor-element-7fa080a elementor-widget elementor-widget-heading\" data-id=\"7fa080a\" data-element_type=\"widget\" data-widget_type=\"heading.default\">\n\t\t\t\t<div class=\"elementor-widget-container\">\n\t\t\t<h2 class=\"elementor-heading-title elementor-size-default\">BANNER<\/h2>\t\t<\/div>\n\t\t\t\t<\/div>\n\t\t\t\t<div class=\"elementor-element elementor-element-f5ba339 elementor-widget elementor-widget-heading\" data-id=\"f5ba339\" data-element_type=\"widget\" data-widget_type=\"heading.default\">\n\t\t\t\t<div class=\"elementor-widget-container\">\n\t\t\t<h2 class=\"elementor-heading-title elementor-size-default\">TAG<\/h2>\t\t<\/div>\n\t\t\t\t<\/div>\n\t\t\t\t<div class=\"elementor-element elementor-element-4997d4f elementor-widget elementor-widget-heading\" data-id=\"4997d4f\" data-element_type=\"widget\" data-widget_type=\"heading.default\">\n\t\t\t\t<div class=\"elementor-widget-container\">\n\t\t\t<h2 class=\"elementor-heading-title elementor-size-default\">CANECA<\/h2>\t\t<\/div>\n\t\t\t\t<\/div>\n\t\t\t\t<div class=\"elementor-element elementor-element-d1d5a65 elementor-widget elementor-widget-heading\" data-id=\"d1d5a65\" data-element_type=\"widget\" data-widget_type=\"heading.default\">\n\t\t\t\t<div class=\"elementor-widget-container\">\n\t\t\t<h2 class=\"elementor-heading-title elementor-size-default\">LOGO DA CAMPANHA (PDF E PNG)\n<\/h2>\t\t<\/div>\n\t\t\t\t<\/div>\n\t\t\t\t<div class=\"elementor-element elementor-element-2ba3c77 elementor-widget elementor-widget-heading\" data-id=\"2ba3c77\" data-element_type=\"widget\" data-widget_type=\"heading.default\">\n\t\t\t\t<div class=\"elementor-widget-container\">\n\t\t\t<h2 class=\"elementor-heading-title elementor-size-default\">CAPA PARA FACEBOOK\n<\/h2>\t\t<\/div>\n\t\t\t\t<\/div>\n\t\t\t\t<div class=\"elementor-element elementor-element-be5d2a7 elementor-widget elementor-widget-heading\" data-id=\"be5d2a7\" data-element_type=\"widget\" data-widget_type=\"heading.default\">\n\t\t\t\t<div class=\"elementor-widget-container\">\n\t\t\t<h2 class=\"elementor-heading-title elementor-size-default\">ORIENTA\u00c7\u00c3O CONCURSO\n<\/h2>\t\t<\/div>\n\t\t\t\t<\/div>\n\t\t\t\t\t<\/div>\n\t\t<\/div>\n\t\t\t\t<div class=\"elementor-column elementor-col-50 elementor-inner-column elementor-element elementor-element-42ef5c4\" data-id=\"42ef5c4\" data-element_type=\"column\">\n\t\t\t<div class=\"elementor-widget-wrap elementor-element-populated\">\n\t\t\t\t\t\t<div class=\"elementor-element elementor-element-41410dc elementor-widget elementor-widget-image\" data-id=\"41410dc\" data-element_type=\"widget\" data-widget_type=\"image.default\">\n\t\t\t\t<div class=\"elementor-widget-container\">\n\t\t\t\t\t\t\t\t\t\t\t\t\t<img loading=\"lazy\" decoding=\"async\" width=\"377\" height=\"324\" src=\"https:\/\/www.abip.org.br\/site\/wp-content\/uploads\/2025\/09\/logo-site.png\" class=\"attachment-large size-large wp-image-42780\" alt=\"\" srcset=\"https:\/\/www.abip.org.br\/site\/wp-content\/uploads\/2025\/09\/logo-site.png 377w, https:\/\/www.abip.org.br\/site\/wp-content\/uploads\/2025\/09\/logo-site-300x258.png 300w\" sizes=\"(max-width: 377px) 100vw, 377px\" \/>\t\t\t\t\t\t\t\t\t\t\t\t\t<\/div>\n\t\t\t\t<\/div>\n\t\t\t\t\t<\/div>\n\t\t<\/div>\n\t\t\t\t\t<\/div>\n\t\t<\/section>\n\t\t\t\t<div class=\"elementor-element elementor-element-c59c1f0 elementor-align-center elementor-widget elementor-widget-button\" data-id=\"c59c1f0\" data-element_type=\"widget\" data-widget_type=\"button.default\">\n\t\t\t\t<div class=\"elementor-widget-container\">\n\t\t\t\t\t<div class=\"elementor-button-wrapper\">\n\t\t\t<a class=\"elementor-button elementor-button-link elementor-size-sm\" href=\"#elementor-action%3Aaction%3Dpopup%3Aopen%26settings%3DeyJpZCI6IjQyODMwIiwidG9nZ2xlIjpmYWxzZX0%3D\">\n\t\t\t\t\t\t<span class=\"elementor-button-content-wrapper\">\n\t\t\t\t\t\t\t\t\t<span class=\"elementor-button-text\">BAIXE AQUI A CAMPANHA P\u00c3O \u00c9 ENERGIA, P\u00c3O \u00c9 NA PADARIA<\/span>\n\t\t\t\t\t<\/span>\n\t\t\t\t\t<\/a>\n\t\t<\/div>\n\t\t\t\t<\/div>\n\t\t\t\t<\/div>\n\t\t\t\t\t<\/div>\n\t\t<\/div>\n\t\t\t\t\t<\/div>\n\t\t<\/section>\n\t\t\t\t<section class=\"elementor-section elementor-top-section elementor-element elementor-element-83aefd5 elementor-section-boxed elementor-section-height-default elementor-section-height-default\" data-id=\"83aefd5\" data-element_type=\"section\">\n\t\t\t\t\t\t<div class=\"elementor-container elementor-column-gap-default\">\n\t\t\t\t\t<div class=\"elementor-column elementor-col-100 elementor-top-column elementor-element elementor-element-9954856\" data-id=\"9954856\" data-element_type=\"column\">\n\t\t\t<div class=\"elementor-widget-wrap elementor-element-populated\">\n\t\t\t\t\t\t<div class=\"elementor-element elementor-element-7d2ae1f elementor-widget elementor-widget-text-editor\" data-id=\"7d2ae1f\" data-element_type=\"widget\" data-widget_type=\"text-editor.default\">\n\t\t\t\t<div class=\"elementor-widget-container\">\n\t\t\t\t\t\t\t<h5><strong>PARTICIPE VOC\u00ca TAMB\u00c9M!<\/strong><\/h5><p>Poste uma foto ou v\u00eddeo mostrando q<strong>ual p\u00e3o te enche de energia<\/strong> e marque <strong>@abipanificacao.<\/strong><\/p><p>Use as hashtags <strong>#P\u00e3o\u00c9NaPadaria<\/strong> #<strong>P\u00e3o\u00c9Energia<\/strong> e ajude a espalhar essa ideia pelo Brasil.<\/p>\t\t\t\t\t\t<\/div>\n\t\t\t\t<\/div>\n\t\t\t\t<div class=\"elementor-element elementor-element-d8005f2 elementor-widget elementor-widget-image\" data-id=\"d8005f2\" data-element_type=\"widget\" data-widget_type=\"image.default\">\n\t\t\t\t<div class=\"elementor-widget-container\">\n\t\t\t\t\t\t\t\t\t\t\t\t\t<img loading=\"lazy\" decoding=\"async\" width=\"789\" height=\"228\" src=\"https:\/\/www.abip.org.br\/site\/wp-content\/uploads\/2025\/09\/posts-site.png\" class=\"attachment-full size-full wp-image-42776\" alt=\"\" srcset=\"https:\/\/www.abip.org.br\/site\/wp-content\/uploads\/2025\/09\/posts-site.png 789w, https:\/\/www.abip.org.br\/site\/wp-content\/uploads\/2025\/09\/posts-site-300x87.png 300w, https:\/\/www.abip.org.br\/site\/wp-content\/uploads\/2025\/09\/posts-site-768x222.png 768w\" sizes=\"(max-width: 789px) 100vw, 789px\" \/>\t\t\t\t\t\t\t\t\t\t\t\t\t<\/div>\n\t\t\t\t<\/div>\n\t\t\t\t<section class=\"elementor-section elementor-inner-section elementor-element elementor-element-c0bb2f1 elementor-section-boxed elementor-section-height-default elementor-section-height-default\" data-id=\"c0bb2f1\" data-element_type=\"section\">\n\t\t\t\t\t\t<div class=\"elementor-container elementor-column-gap-default\">\n\t\t\t\t\t<div class=\"elementor-column elementor-col-50 elementor-inner-column elementor-element elementor-element-1fd75ba\" data-id=\"1fd75ba\" data-element_type=\"column\">\n\t\t\t<div class=\"elementor-widget-wrap elementor-element-populated\">\n\t\t\t\t\t\t<div class=\"elementor-element elementor-element-e467051 elementor-widget elementor-widget-heading\" data-id=\"e467051\" data-element_type=\"widget\" data-widget_type=\"heading.default\">\n\t\t\t\t<div class=\"elementor-widget-container\">\n\t\t\t<h2 class=\"elementor-heading-title elementor-size-default\">BENEF\u00cdCIOS DO P\u00c3O DE PADARIA\n<\/h2>\t\t<\/div>\n\t\t\t\t<\/div>\n\t\t\t\t<div class=\"elementor-element elementor-element-e93960f elementor-position-left elementor-vertical-align-middle elementor-widget elementor-widget-image-box\" data-id=\"e93960f\" data-element_type=\"widget\" data-widget_type=\"image-box.default\">\n\t\t\t\t<div class=\"elementor-widget-container\">\n\t\t\t<div class=\"elementor-image-box-wrapper\"><figure class=\"elementor-image-box-img\"><img loading=\"lazy\" decoding=\"async\" width=\"21\" height=\"19\" src=\"https:\/\/www.abip.org.br\/site\/wp-content\/uploads\/2025\/09\/check-site.png\" class=\"attachment-full size-full wp-image-42779\" alt=\"\" \/><\/figure><div class=\"elementor-image-box-content\"><h3 class=\"elementor-image-box-title\"><b>Frescor di\u00e1rio<\/b>: feito todos os dias, sempre quentinho.<\/h3><\/div><\/div>\t\t<\/div>\n\t\t\t\t<\/div>\n\t\t\t\t<div class=\"elementor-element elementor-element-13d5f88 elementor-position-left elementor-vertical-align-middle elementor-widget elementor-widget-image-box\" data-id=\"13d5f88\" data-element_type=\"widget\" data-widget_type=\"image-box.default\">\n\t\t\t\t<div class=\"elementor-widget-container\">\n\t\t\t<div class=\"elementor-image-box-wrapper\"><figure class=\"elementor-image-box-img\"><img loading=\"lazy\" decoding=\"async\" width=\"21\" height=\"19\" src=\"https:\/\/www.abip.org.br\/site\/wp-content\/uploads\/2025\/09\/check-site.png\" class=\"attachment-full size-full wp-image-42779\" alt=\"\" \/><\/figure><div class=\"elementor-image-box-content\"><h3 class=\"elementor-image-box-title\"><b>Sem conservantes:<\/b> mais natural, ingredientes naturais e saborosos.<\/h3><\/div><\/div>\t\t<\/div>\n\t\t\t\t<\/div>\n\t\t\t\t<div class=\"elementor-element elementor-element-3d17d0b elementor-position-left elementor-vertical-align-middle elementor-widget elementor-widget-image-box\" data-id=\"3d17d0b\" data-element_type=\"widget\" data-widget_type=\"image-box.default\">\n\t\t\t\t<div class=\"elementor-widget-container\">\n\t\t\t<div class=\"elementor-image-box-wrapper\"><figure class=\"elementor-image-box-img\"><img loading=\"lazy\" decoding=\"async\" width=\"21\" height=\"19\" src=\"https:\/\/www.abip.org.br\/site\/wp-content\/uploads\/2025\/09\/check-site.png\" class=\"attachment-full size-full wp-image-42779\" alt=\"\" \/><\/figure><div class=\"elementor-image-box-content\"><h3 class=\"elementor-image-box-title\"><b>Energia e sa\u00fade:<\/b>  carboidrato essencial para o corpo.<\/h3><\/div><\/div>\t\t<\/div>\n\t\t\t\t<\/div>\n\t\t\t\t<div class=\"elementor-element elementor-element-a760c2c elementor-position-left elementor-vertical-align-middle elementor-widget elementor-widget-image-box\" data-id=\"a760c2c\" data-element_type=\"widget\" data-widget_type=\"image-box.default\">\n\t\t\t\t<div class=\"elementor-widget-container\">\n\t\t\t<div class=\"elementor-image-box-wrapper\"><figure class=\"elementor-image-box-img\"><img loading=\"lazy\" decoding=\"async\" width=\"21\" height=\"19\" src=\"https:\/\/www.abip.org.br\/site\/wp-content\/uploads\/2025\/09\/check-site.png\" class=\"attachment-full size-full wp-image-42779\" alt=\"\" \/><\/figure><div class=\"elementor-image-box-content\"><h3 class=\"elementor-image-box-title\"><b>Tradi\u00e7\u00e3o brasileira: <\/b>parte da nossa cultura alimentar<\/h3><\/div><\/div>\t\t<\/div>\n\t\t\t\t<\/div>\n\t\t\t\t\t<\/div>\n\t\t<\/div>\n\t\t\t\t<div class=\"elementor-column elementor-col-50 elementor-inner-column elementor-element elementor-element-6b34ff8\" data-id=\"6b34ff8\" data-element_type=\"column\">\n\t\t\t<div class=\"elementor-widget-wrap elementor-element-populated\">\n\t\t\t\t\t\t<div class=\"elementor-element elementor-element-8ae4d75 elementor-widget elementor-widget-image\" data-id=\"8ae4d75\" data-element_type=\"widget\" data-widget_type=\"image.default\">\n\t\t\t\t<div class=\"elementor-widget-container\">\n\t\t\t\t\t\t\t\t\t\t\t\t\t<img loading=\"lazy\" decoding=\"async\" width=\"348\" height=\"339\" src=\"https:\/\/www.abip.org.br\/site\/wp-content\/uploads\/2025\/09\/beneficios-site.png\" class=\"attachment-large size-large wp-image-42778\" alt=\"\" srcset=\"https:\/\/www.abip.org.br\/site\/wp-content\/uploads\/2025\/09\/beneficios-site.png 348w, https:\/\/www.abip.org.br\/site\/wp-content\/uploads\/2025\/09\/beneficios-site-300x292.png 300w\" sizes=\"(max-width: 348px) 100vw, 348px\" \/>\t\t\t\t\t\t\t\t\t\t\t\t\t<\/div>\n\t\t\t\t<\/div>\n\t\t\t\t\t<\/div>\n\t\t<\/div>\n\t\t\t\t\t<\/div>\n\t\t<\/section>\n\t\t\t\t\t<\/div>\n\t\t<\/div>\n\t\t\t\t\t<\/div>\n\t\t<\/section>\n\t\t\t\t<\/div>\n\t\t","protected":false},"excerpt":{"rendered":"<p>P\u00c3O \u00c9 ENERGIA, P\u00c3O \u00c9 NA PADARIA \u2013 O SABOR DO BRASIL, FRESQUINHO TODOS OS DIAS Nada substitui o cheiro do p\u00e3o franc\u00eas saindo do forno. Quentinho, dourado, feito na hora. O p\u00e3o de padaria n\u00e3o \u00e9 s\u00f3 alimento \u2013 \u00e9 tradi\u00e7\u00e3o, energia e qualidade de vida para milh\u00f5es de brasileiros. Na padaria, cada p\u00e3o [&hellip;]<\/p>\n","protected":false},"author":1,"featured_media":0,"parent":0,"menu_order":0,"comment_status":"closed","ping_status":"closed","template":"elementor_header_footer","meta":{"footnotes":""},"class_list":["post-42765","page","type-page","status-publish","hentry"],"_links":{"self":[{"href":"https:\/\/www.abip.org.br\/site\/wp-json\/wp\/v2\/pages\/42765","targetHints":{"allow":["GET"]}}],"collection":[{"href":"https:\/\/www.abip.org.br\/site\/wp-json\/wp\/v2\/pages"}],"about":[{"href":"https:\/\/www.abip.org.br\/site\/wp-json\/wp\/v2\/types\/page"}],"author":[{"embeddable":true,"href":"https:\/\/www.abip.org.br\/site\/wp-json\/wp\/v2\/users\/1"}],"replies":[{"embeddable":true,"href":"https:\/\/www.abip.org.br\/site\/wp-json\/wp\/v2\/comments?post=42765"}],"version-history":[{"count":46,"href":"https:\/\/www.abip.org.br\/site\/wp-json\/wp\/v2\/pages\/42765\/revisions"}],"predecessor-version":[{"id":42858,"href":"https:\/\/www.abip.org.br\/site\/wp-json\/wp\/v2\/pages\/42765\/revisions\/42858"}],"wp:attachment":[{"href":"https:\/\/www.abip.org.br\/site\/wp-json\/wp\/v2\/media?parent=42765"}],"curies":[{"name":"wp","href":"https:\/\/api.w.org\/{rel}","templated":true}]}}