{"id":42201,"date":"2025-04-30T17:50:16","date_gmt":"2025-04-30T19:50:16","guid":{"rendered":"https:\/\/www.abip.org.br\/site\/dia-das-maes-2022-copy\/"},"modified":"2025-05-07T16:14:37","modified_gmt":"2025-05-07T18:14:37","slug":"dia-das-maes-2025","status":"publish","type":"page","link":"https:\/\/www.abip.org.br\/site\/dia-das-maes-2025\/","title":{"rendered":"Campanha de Dia das M\u00e3es: Ela Merece o Mundo"},"content":{"rendered":"\t\t<div data-elementor-type=\"wp-page\" data-elementor-id=\"42201\" class=\"elementor elementor-42201\" data-elementor-post-type=\"page\">\n\t\t\t\t\t\t<section class=\"elementor-section elementor-top-section elementor-element elementor-element-5bd7f81 elementor-section-boxed elementor-section-height-default elementor-section-height-default\" data-id=\"5bd7f81\" data-element_type=\"section\">\n\t\t\t\t\t\t<div class=\"elementor-container elementor-column-gap-default\">\n\t\t\t\t\t<div class=\"elementor-column elementor-col-100 elementor-top-column elementor-element elementor-element-b04acda\" data-id=\"b04acda\" data-element_type=\"column\">\n\t\t\t<div class=\"elementor-widget-wrap elementor-element-populated\">\n\t\t\t\t\t\t<div class=\"elementor-element elementor-element-9ae35c7 elementor-widget elementor-widget-heading\" data-id=\"9ae35c7\" data-element_type=\"widget\" data-widget_type=\"heading.default\">\n\t\t\t\t<div class=\"elementor-widget-container\">\n\t\t\t<h2 class=\"elementor-heading-title elementor-size-default\">A Associa\u00e7\u00e3o Brasileira da Ind\u00fastria de Panifica\u00e7\u00e3o e Confeitaria (Abip) tem a alegria de apresentar a campanha de Dia das M\u00e3es: Ela Merece o Mundo.<br><br>\n\nO Dia das M\u00e3es tem cheirinho de aconchego, sabor de carinho e o calor de um abra\u00e7o inesquec\u00edvel. \u00c9 tempo de reconhecer, agradecer e celebrar aquelas que dedicam amor em cada gesto, todos os dias.<br><br>\n\nNeste m\u00eas de maio, convidamos voc\u00ea a criar momentos especiais para homenagear quem sempre esteve ao nosso lado. Um caf\u00e9 da manh\u00e3 na cama, uma cesta recheada de afeto, ou at\u00e9 um simples \u201ceu te amo\u201d acompanhado de um p\u00e3o fresquinho \u2013 cada detalhe conta, e faz toda a diferen\u00e7a.<br><br>\n\nVamos juntos valorizar essa data t\u00e3o significativa com o que temos de melhor: afeto, sabor e mem\u00f3ria.<br><br>\n\nFeliz Dia das M\u00e3es! <br><br>\n\nBaixe abaixo os materiais da campanha e celebre com a gente!<br><br>\n\nTodo o conte\u00fado est\u00e1 dispon\u00edvel para uso das padarias e confeitarias brasileiras, com a condi\u00e7\u00e3o de que a logomarca da Abip permane\u00e7a nas artes. A logomarca do seu neg\u00f3cio pode ser adicionada livremente aos materiais.<\/h2>\t\t<\/div>\n\t\t\t\t<\/div>\n\t\t\t\t\t<\/div>\n\t\t<\/div>\n\t\t\t\t\t<\/div>\n\t\t<\/section>\n\t\t\t\t<section class=\"elementor-section elementor-top-section elementor-element elementor-element-f68d193 elementor-section-boxed elementor-section-height-default elementor-section-height-default\" data-id=\"f68d193\" data-element_type=\"section\">\n\t\t\t\t\t\t<div class=\"elementor-container elementor-column-gap-default\">\n\t\t\t\t\t<div class=\"elementor-column elementor-col-25 elementor-top-column elementor-element elementor-element-b58eba1\" data-id=\"b58eba1\" data-element_type=\"column\">\n\t\t\t<div class=\"elementor-widget-wrap elementor-element-populated\">\n\t\t\t\t\t\t<div class=\"elementor-element elementor-element-ae447a1 elementor-view-default elementor-widget elementor-widget-icon\" data-id=\"ae447a1\" data-element_type=\"widget\" data-widget_type=\"icon.default\">\n\t\t\t\t<div class=\"elementor-widget-container\">\n\t\t\t\t\t<div class=\"elementor-icon-wrapper\">\n\t\t\t<a class=\"elementor-icon\" href=\"https:\/\/www.abip.org.br\/pecasgraficasmaes.zip\">\n\t\t\t<i aria-hidden=\"true\" class=\"fas fa-file-archive\"><\/i>\t\t\t<\/a>\n\t\t<\/div>\n\t\t\t\t<\/div>\n\t\t\t\t<\/div>\n\t\t\t\t<div class=\"elementor-element elementor-element-19257e2 elementor-widget elementor-widget-heading\" data-id=\"19257e2\" data-element_type=\"widget\" data-widget_type=\"heading.default\">\n\t\t\t\t<div class=\"elementor-widget-container\">\n\t\t\t<h2 class=\"elementor-heading-title elementor-size-default\">Pe\u00e7as Gr\u00e1ficas<\/h2>\t\t<\/div>\n\t\t\t\t<\/div>\n\t\t\t\t\t<\/div>\n\t\t<\/div>\n\t\t\t\t<div class=\"elementor-column elementor-col-25 elementor-top-column elementor-element elementor-element-b87290f\" data-id=\"b87290f\" data-element_type=\"column\">\n\t\t\t<div class=\"elementor-widget-wrap elementor-element-populated\">\n\t\t\t\t\t\t<div class=\"elementor-element elementor-element-41f5b51 elementor-view-default elementor-widget elementor-widget-icon\" data-id=\"41f5b51\" data-element_type=\"widget\" data-widget_type=\"icon.default\">\n\t\t\t\t<div class=\"elementor-widget-container\">\n\t\t\t\t\t<div class=\"elementor-icon-wrapper\">\n\t\t\t<a class=\"elementor-icon\" href=\"https:\/\/www.abip.org.br\/redessociaismaes.zip\">\n\t\t\t<i aria-hidden=\"true\" class=\"fas fa-file-archive\"><\/i>\t\t\t<\/a>\n\t\t<\/div>\n\t\t\t\t<\/div>\n\t\t\t\t<\/div>\n\t\t\t\t<div class=\"elementor-element elementor-element-a62b3ee elementor-widget elementor-widget-heading\" data-id=\"a62b3ee\" data-element_type=\"widget\" data-widget_type=\"heading.default\">\n\t\t\t\t<div class=\"elementor-widget-container\">\n\t\t\t<h2 class=\"elementor-heading-title elementor-size-default\">Redes Sociais<\/h2>\t\t<\/div>\n\t\t\t\t<\/div>\n\t\t\t\t\t<\/div>\n\t\t<\/div>\n\t\t\t\t<div class=\"elementor-column elementor-col-25 elementor-top-column elementor-element elementor-element-325389d\" data-id=\"325389d\" data-element_type=\"column\">\n\t\t\t<div class=\"elementor-widget-wrap elementor-element-populated\">\n\t\t\t\t\t\t<div class=\"elementor-element elementor-element-ffa9f9b elementor-view-default elementor-widget elementor-widget-icon\" data-id=\"ffa9f9b\" data-element_type=\"widget\" data-widget_type=\"icon.default\">\n\t\t\t\t<div class=\"elementor-widget-container\">\n\t\t\t\t\t<div class=\"elementor-icon-wrapper\">\n\t\t\t<a class=\"elementor-icon\" href=\"https:\/\/www.abip.org.br\/site\/wp-content\/uploads\/2025\/05\/SUGESTOES-P-IMPRESSAO-CRIANDO-MEMORIAS-ABIP.pdf\">\n\t\t\t<i aria-hidden=\"true\" class=\"fas fa-file-archive\"><\/i>\t\t\t<\/a>\n\t\t<\/div>\n\t\t\t\t<\/div>\n\t\t\t\t<\/div>\n\t\t\t\t<div class=\"elementor-element elementor-element-932b59b elementor-widget elementor-widget-heading\" data-id=\"932b59b\" data-element_type=\"widget\" data-widget_type=\"heading.default\">\n\t\t\t\t<div class=\"elementor-widget-container\">\n\t\t\t<h2 class=\"elementor-heading-title elementor-size-default\">Sugest\u00e3o para impress\u00e3o - criando mem\u00f3rias<\/h2>\t\t<\/div>\n\t\t\t\t<\/div>\n\t\t\t\t\t<\/div>\n\t\t<\/div>\n\t\t\t\t<div class=\"elementor-column elementor-col-25 elementor-top-column elementor-element elementor-element-dd93038\" data-id=\"dd93038\" data-element_type=\"column\">\n\t\t\t<div class=\"elementor-widget-wrap elementor-element-populated\">\n\t\t\t\t\t\t<div class=\"elementor-element elementor-element-b010a22 elementor-view-default elementor-widget elementor-widget-icon\" data-id=\"b010a22\" data-element_type=\"widget\" data-widget_type=\"icon.default\">\n\t\t\t\t<div class=\"elementor-widget-container\">\n\t\t\t\t\t<div class=\"elementor-icon-wrapper\">\n\t\t\t<a class=\"elementor-icon\" href=\"https:\/\/www.abip.org.br\/site\/wp-content\/uploads\/2025\/05\/appmaes-1.zip\">\n\t\t\t<i aria-hidden=\"true\" class=\"fas fa-file-archive\"><\/i>\t\t\t<\/a>\n\t\t<\/div>\n\t\t\t\t<\/div>\n\t\t\t\t<\/div>\n\t\t\t\t<div class=\"elementor-element elementor-element-1bbb82e elementor-widget elementor-widget-heading\" data-id=\"1bbb82e\" data-element_type=\"widget\" data-widget_type=\"heading.default\">\n\t\t\t\t<div class=\"elementor-widget-container\">\n\t\t\t<h2 class=\"elementor-heading-title elementor-size-default\">Apresenta\u00e7\u00e3o<\/h2>\t\t<\/div>\n\t\t\t\t<\/div>\n\t\t\t\t\t<\/div>\n\t\t<\/div>\n\t\t\t\t\t<\/div>\n\t\t<\/section>\n\t\t\t\t<\/div>\n\t\t","protected":false},"excerpt":{"rendered":"<p>A Associa\u00e7\u00e3o Brasileira da Ind\u00fastria de Panifica\u00e7\u00e3o e Confeitaria (Abip) tem a alegria de apresentar a campanha de Dia das M\u00e3es: Ela Merece o Mundo. O Dia das M\u00e3es tem cheirinho de aconchego, sabor de carinho e o calor de um abra\u00e7o inesquec\u00edvel. \u00c9 tempo de reconhecer, agradecer e celebrar aquelas que dedicam amor em [&hellip;]<\/p>\n","protected":false},"author":1,"featured_media":0,"parent":0,"menu_order":0,"comment_status":"closed","ping_status":"closed","template":"","meta":{"footnotes":""},"class_list":["post-42201","page","type-page","status-publish","hentry"],"_links":{"self":[{"href":"https:\/\/www.abip.org.br\/site\/wp-json\/wp\/v2\/pages\/42201","targetHints":{"allow":["GET"]}}],"collection":[{"href":"https:\/\/www.abip.org.br\/site\/wp-json\/wp\/v2\/pages"}],"about":[{"href":"https:\/\/www.abip.org.br\/site\/wp-json\/wp\/v2\/types\/page"}],"author":[{"embeddable":true,"href":"https:\/\/www.abip.org.br\/site\/wp-json\/wp\/v2\/users\/1"}],"replies":[{"embeddable":true,"href":"https:\/\/www.abip.org.br\/site\/wp-json\/wp\/v2\/comments?post=42201"}],"version-history":[{"count":18,"href":"https:\/\/www.abip.org.br\/site\/wp-json\/wp\/v2\/pages\/42201\/revisions"}],"predecessor-version":[{"id":42248,"href":"https:\/\/www.abip.org.br\/site\/wp-json\/wp\/v2\/pages\/42201\/revisions\/42248"}],"wp:attachment":[{"href":"https:\/\/www.abip.org.br\/site\/wp-json\/wp\/v2\/media?parent=42201"}],"curies":[{"name":"wp","href":"https:\/\/api.w.org\/{rel}","templated":true}]}}