{"id":41340,"date":"2024-03-08T18:12:05","date_gmt":"2024-03-08T20:12:05","guid":{"rendered":"https:\/\/www.abip.org.br\/site\/natal2023-copy\/"},"modified":"2024-03-12T19:30:41","modified_gmt":"2024-03-12T21:30:41","slug":"campanha-pascoa-2024-abip","status":"publish","type":"page","link":"https:\/\/www.abip.org.br\/site\/campanha-pascoa-2024-abip\/","title":{"rendered":"Campanha P\u00e1scoa 2024 &#8211; Abip"},"content":{"rendered":"\t\t<div data-elementor-type=\"wp-page\" data-elementor-id=\"41340\" class=\"elementor elementor-41340\" data-elementor-post-type=\"page\">\n\t\t\t\t\t\t<section class=\"elementor-section elementor-top-section elementor-element elementor-element-4fbf3a7 elementor-section-boxed elementor-section-height-default elementor-section-height-default\" data-id=\"4fbf3a7\" data-element_type=\"section\">\n\t\t\t\t\t\t<div class=\"elementor-container elementor-column-gap-default\">\n\t\t\t\t\t<div class=\"elementor-column elementor-col-100 elementor-top-column elementor-element elementor-element-38e92e04\" data-id=\"38e92e04\" data-element_type=\"column\">\n\t\t\t<div class=\"elementor-widget-wrap elementor-element-populated\">\n\t\t\t\t\t\t<div class=\"elementor-element elementor-element-33eb58a elementor-widget elementor-widget-heading\" data-id=\"33eb58a\" data-element_type=\"widget\" data-widget_type=\"heading.default\">\n\t\t\t\t<div class=\"elementor-widget-container\">\n\t\t\t<h2 class=\"elementor-heading-title elementor-size-default\">Campanha de P\u00e1scoa: Doce Sabor<\/h2>\t\t<\/div>\n\t\t\t\t<\/div>\n\t\t\t\t<div class=\"elementor-element elementor-element-4ea9c82a elementor-widget elementor-widget-text-editor\" data-id=\"4ea9c82a\" data-element_type=\"widget\" data-widget_type=\"text-editor.default\">\n\t\t\t\t<div class=\"elementor-widget-container\">\n\t\t\t\t\t\t\t<p>A Associa\u00e7\u00e3o Brasileira da Ind\u00fastria de Panifica\u00e7\u00e3o e Confeitaria (Abip), por meio de sua Comiss\u00e3o de Marketing, tem a honra de apresentar a campanha de P\u00e1scoa: Doce Sabor.<\/p><p>Na P\u00e1scoa, uma \u00e9poca doce e repleta de bons sentimentos, o verdadeiro significado da vida ressoa em nossos cora\u00e7\u00f5es. A fam\u00edlia, a f\u00e9, os abra\u00e7os e o conforto da alma ganham ainda mais significado neste per\u00edodo t\u00e3o especial.<\/p><p>Por isso, a campanha de P\u00e1scoa da Abip reuniu o doce sabor dos sentimentos com o delicioso sabor das tradi\u00e7\u00f5es pascais.<\/p><p><strong>Vamos celebrar juntos:<\/strong><\/p><p>&#8211; O doce sabor do abra\u00e7o, que aquece o cora\u00e7\u00e3o e fortalece os la\u00e7os familiares. &#8211; O chocolate, que nos presenteia com momentos de prazer e alegria compartilhada.<br \/>&#8211; A gentileza, que nos conecta e torna o mundo um lugar mais amoroso.<br \/>&#8211; O afeto, que nutre as rela\u00e7\u00f5es e faz cada momento especial.<br \/>&#8211; E, \u00e9 claro, o p\u00e3o, s\u00edmbolo de partilha e uni\u00e3o em todas as mesas.<br \/>Que esta data seja um momento de conex\u00e3o e celebra\u00e7\u00e3o, enchendo nossos cora\u00e7\u00f5es de gratid\u00e3o e esperan\u00e7a.<\/p><p><strong>Fa\u00e7a o download do material abaixo e celebre a P\u00e1scoa conosco!<\/strong><\/p><p><strong>Vem com a gente, vamos Celebrar os Doces Sentimentos da P\u00e1scoa!<\/strong><\/p><p>Todo material disponibilizado pela Abip pode ser usado pelas padarias e confeitarias brasileiras, desde que n\u00e3o seja retirada a logomarca da Abip das artes. A logomarca do seu neg\u00f3cio pode ser inserida em todos os materiais gratuitamente.<\/p>\t\t\t\t\t\t<\/div>\n\t\t\t\t<\/div>\n\t\t\t\t\t<\/div>\n\t\t<\/div>\n\t\t\t\t\t<\/div>\n\t\t<\/section>\n\t\t\t\t<section class=\"elementor-section elementor-top-section elementor-element elementor-element-4a6c0af elementor-section-boxed elementor-section-height-default elementor-section-height-default\" data-id=\"4a6c0af\" data-element_type=\"section\">\n\t\t\t\t\t\t<div class=\"elementor-container elementor-column-gap-default\">\n\t\t\t\t\t<div class=\"elementor-column elementor-col-20 elementor-top-column elementor-element elementor-element-7e2117d\" data-id=\"7e2117d\" data-element_type=\"column\">\n\t\t\t<div class=\"elementor-widget-wrap elementor-element-populated\">\n\t\t\t\t\t\t<div class=\"elementor-element elementor-element-8fdeaa7 elementor-view-default elementor-position-top elementor-mobile-position-top elementor-widget elementor-widget-icon-box\" data-id=\"8fdeaa7\" data-element_type=\"widget\" data-widget_type=\"icon-box.default\">\n\t\t\t\t<div class=\"elementor-widget-container\">\n\t\t\t\t\t<div class=\"elementor-icon-box-wrapper\">\n\n\t\t\t\t\t\t<div class=\"elementor-icon-box-icon\">\n\t\t\t\t<a href=\"https:\/\/www.abip.org.br\/site\/wp-content\/uploads\/2024\/03\/APRESENTACAO.zip\" class=\"elementor-icon elementor-animation-\" tabindex=\"-1\">\n\t\t\t\t<i aria-hidden=\"true\" class=\"fas fa-file-archive\"><\/i>\t\t\t\t<\/a>\n\t\t\t<\/div>\n\t\t\t\n\t\t\t\t\t\t<div class=\"elementor-icon-box-content\">\n\n\t\t\t\t\t\t\t\t\t<h3 class=\"elementor-icon-box-title\">\n\t\t\t\t\t\t<a href=\"https:\/\/www.abip.org.br\/site\/wp-content\/uploads\/2024\/03\/APRESENTACAO.zip\" >\n\t\t\t\t\t\t\tAPRESENTA\u00c7\u00c3O\t\t\t\t\t\t<\/a>\n\t\t\t\t\t<\/h3>\n\t\t\t\t\n\t\t\t\t\n\t\t\t<\/div>\n\t\t\t\n\t\t<\/div>\n\t\t\t\t<\/div>\n\t\t\t\t<\/div>\n\t\t\t\t\t<\/div>\n\t\t<\/div>\n\t\t\t\t<div class=\"elementor-column elementor-col-20 elementor-top-column elementor-element elementor-element-5b8e4ad\" data-id=\"5b8e4ad\" data-element_type=\"column\">\n\t\t\t<div class=\"elementor-widget-wrap elementor-element-populated\">\n\t\t\t\t\t\t<div class=\"elementor-element elementor-element-5187086 elementor-view-default elementor-position-top elementor-mobile-position-top elementor-widget elementor-widget-icon-box\" data-id=\"5187086\" data-element_type=\"widget\" data-widget_type=\"icon-box.default\">\n\t\t\t\t<div class=\"elementor-widget-container\">\n\t\t\t\t\t<div class=\"elementor-icon-box-wrapper\">\n\n\t\t\t\t\t\t<div class=\"elementor-icon-box-icon\">\n\t\t\t\t<a href=\"https:\/\/www.abip.org.br\/site\/wp-content\/uploads\/2024\/03\/PECAS-GRAFICAS.zip\" target=\"_blank\" class=\"elementor-icon elementor-animation-\" tabindex=\"-1\">\n\t\t\t\t<i aria-hidden=\"true\" class=\"fas fa-file-archive\"><\/i>\t\t\t\t<\/a>\n\t\t\t<\/div>\n\t\t\t\n\t\t\t\t\t\t<div class=\"elementor-icon-box-content\">\n\n\t\t\t\t\t\t\t\t\t<h3 class=\"elementor-icon-box-title\">\n\t\t\t\t\t\t<a href=\"https:\/\/www.abip.org.br\/site\/wp-content\/uploads\/2024\/03\/PECAS-GRAFICAS.zip\" target=\"_blank\" >\n\t\t\t\t\t\t\tPE\u00c7AS GR\u00c1FICAS\t\t\t\t\t\t<\/a>\n\t\t\t\t\t<\/h3>\n\t\t\t\t\n\t\t\t\t\n\t\t\t<\/div>\n\t\t\t\n\t\t<\/div>\n\t\t\t\t<\/div>\n\t\t\t\t<\/div>\n\t\t\t\t\t<\/div>\n\t\t<\/div>\n\t\t\t\t<div class=\"elementor-column elementor-col-20 elementor-top-column elementor-element elementor-element-574f48b\" data-id=\"574f48b\" data-element_type=\"column\">\n\t\t\t<div class=\"elementor-widget-wrap elementor-element-populated\">\n\t\t\t\t\t\t<div class=\"elementor-element elementor-element-f574be8 elementor-view-default elementor-position-top elementor-mobile-position-top elementor-widget elementor-widget-icon-box\" data-id=\"f574be8\" data-element_type=\"widget\" data-widget_type=\"icon-box.default\">\n\t\t\t\t<div class=\"elementor-widget-container\">\n\t\t\t\t\t<div class=\"elementor-icon-box-wrapper\">\n\n\t\t\t\t\t\t<div class=\"elementor-icon-box-icon\">\n\t\t\t\t<a href=\"https:\/\/www.abip.org.br\/redesociaispascoa.zip\" target=\"_blank\" class=\"elementor-icon elementor-animation-\" tabindex=\"-1\">\n\t\t\t\t<i aria-hidden=\"true\" class=\"fas fa-file-archive\"><\/i>\t\t\t\t<\/a>\n\t\t\t<\/div>\n\t\t\t\n\t\t\t\t\t\t<div class=\"elementor-icon-box-content\">\n\n\t\t\t\t\t\t\t\t\t<h3 class=\"elementor-icon-box-title\">\n\t\t\t\t\t\t<a href=\"https:\/\/www.abip.org.br\/redesociaispascoa.zip\" target=\"_blank\" >\n\t\t\t\t\t\t\tREDES SOCIAIS\t\t\t\t\t\t<\/a>\n\t\t\t\t\t<\/h3>\n\t\t\t\t\n\t\t\t\t\n\t\t\t<\/div>\n\t\t\t\n\t\t<\/div>\n\t\t\t\t<\/div>\n\t\t\t\t<\/div>\n\t\t\t\t\t<\/div>\n\t\t<\/div>\n\t\t\t\t<div class=\"elementor-column elementor-col-20 elementor-top-column elementor-element elementor-element-ac718f1\" data-id=\"ac718f1\" data-element_type=\"column\">\n\t\t\t<div class=\"elementor-widget-wrap elementor-element-populated\">\n\t\t\t\t\t\t<div class=\"elementor-element elementor-element-c5e2d86 elementor-widget__width-initial elementor-view-default elementor-position-top elementor-mobile-position-top elementor-widget elementor-widget-icon-box\" data-id=\"c5e2d86\" data-element_type=\"widget\" data-widget_type=\"icon-box.default\">\n\t\t\t\t<div class=\"elementor-widget-container\">\n\t\t\t\t\t<div class=\"elementor-icon-box-wrapper\">\n\n\t\t\t\t\t\t<div class=\"elementor-icon-box-icon\">\n\t\t\t\t<a href=\"https:\/\/www.abip.org.br\/site\/wp-content\/uploads\/2024\/03\/EBOOK-DOCE-IDEIA-DE-PASCOA-ABIP.pdf\" target=\"_blank\" class=\"elementor-icon elementor-animation-\" tabindex=\"-1\">\n\t\t\t\t<i aria-hidden=\"true\" class=\"fas fa-file-archive\"><\/i>\t\t\t\t<\/a>\n\t\t\t<\/div>\n\t\t\t\n\t\t\t\t\t\t<div class=\"elementor-icon-box-content\">\n\n\t\t\t\t\t\t\t\t\t<h3 class=\"elementor-icon-box-title\">\n\t\t\t\t\t\t<a href=\"https:\/\/www.abip.org.br\/site\/wp-content\/uploads\/2024\/03\/EBOOK-DOCE-IDEIA-DE-PASCOA-ABIP.pdf\" target=\"_blank\" >\n\t\t\t\t\t\t\tEBOOK\t\t\t\t\t\t<\/a>\n\t\t\t\t\t<\/h3>\n\t\t\t\t\n\t\t\t\t\n\t\t\t<\/div>\n\t\t\t\n\t\t<\/div>\n\t\t\t\t<\/div>\n\t\t\t\t<\/div>\n\t\t\t\t\t<\/div>\n\t\t<\/div>\n\t\t\t\t<div class=\"elementor-column elementor-col-20 elementor-top-column elementor-element elementor-element-636a11a\" data-id=\"636a11a\" data-element_type=\"column\">\n\t\t\t<div class=\"elementor-widget-wrap elementor-element-populated\">\n\t\t\t\t\t\t<div class=\"elementor-element elementor-element-50d5850 elementor-widget__width-initial elementor-view-default elementor-position-top elementor-mobile-position-top elementor-widget elementor-widget-icon-box\" data-id=\"50d5850\" data-element_type=\"widget\" data-widget_type=\"icon-box.default\">\n\t\t\t\t<div class=\"elementor-widget-container\">\n\t\t\t\t\t<div class=\"elementor-icon-box-wrapper\">\n\n\t\t\t\t\t\t<div class=\"elementor-icon-box-icon\">\n\t\t\t\t<a href=\"https:\/\/www.abip.org.br\/site\/wp-content\/uploads\/2024\/03\/videopascoa.zip\" target=\"_blank\" class=\"elementor-icon elementor-animation-\" tabindex=\"-1\">\n\t\t\t\t<i aria-hidden=\"true\" class=\"fas fa-file-archive\"><\/i>\t\t\t\t<\/a>\n\t\t\t<\/div>\n\t\t\t\n\t\t\t\t\t\t<div class=\"elementor-icon-box-content\">\n\n\t\t\t\t\t\t\t\t\t<h3 class=\"elementor-icon-box-title\">\n\t\t\t\t\t\t<a href=\"https:\/\/www.abip.org.br\/site\/wp-content\/uploads\/2024\/03\/videopascoa.zip\" target=\"_blank\" >\n\t\t\t\t\t\t\tV\u00cdDEOS\t\t\t\t\t\t<\/a>\n\t\t\t\t\t<\/h3>\n\t\t\t\t\n\t\t\t\t\n\t\t\t<\/div>\n\t\t\t\n\t\t<\/div>\n\t\t\t\t<\/div>\n\t\t\t\t<\/div>\n\t\t\t\t\t<\/div>\n\t\t<\/div>\n\t\t\t\t\t<\/div>\n\t\t<\/section>\n\t\t\t\t<section class=\"elementor-section elementor-top-section elementor-element elementor-element-c3decdf elementor-section-boxed elementor-section-height-default elementor-section-height-default\" data-id=\"c3decdf\" data-element_type=\"section\">\n\t\t\t\t\t\t<div class=\"elementor-container elementor-column-gap-default\">\n\t\t\t\t\t<div class=\"elementor-column elementor-col-100 elementor-top-column elementor-element elementor-element-2278c97\" data-id=\"2278c97\" data-element_type=\"column\">\n\t\t\t<div class=\"elementor-widget-wrap elementor-element-populated\">\n\t\t\t\t\t\t<div class=\"elementor-element elementor-element-c7ba685 elementor-shape-rounded elementor-grid-0 e-grid-align-center elementor-widget elementor-widget-social-icons\" data-id=\"c7ba685\" data-element_type=\"widget\" data-widget_type=\"social-icons.default\">\n\t\t\t\t<div class=\"elementor-widget-container\">\n\t\t\t\t\t<div class=\"elementor-social-icons-wrapper elementor-grid\">\n\t\t\t\t\t\t\t<span class=\"elementor-grid-item\">\n\t\t\t\t\t<a class=\"elementor-icon elementor-social-icon elementor-social-icon-facebook elementor-repeater-item-6dc7d8d\" href=\"https:\/\/www.facebook.com\/abipanificacao\/\" target=\"_blank\">\n\t\t\t\t\t\t<span class=\"elementor-screen-only\">Facebook<\/span>\n\t\t\t\t\t\t<i class=\"fab fa-facebook\"><\/i>\t\t\t\t\t<\/a>\n\t\t\t\t<\/span>\n\t\t\t\t\t\t\t<span class=\"elementor-grid-item\">\n\t\t\t\t\t<a class=\"elementor-icon elementor-social-icon elementor-social-icon-instagram elementor-repeater-item-b84843b\" href=\"https:\/\/www.instagram.com\/abipanificacao\" target=\"_blank\">\n\t\t\t\t\t\t<span class=\"elementor-screen-only\">Instagram<\/span>\n\t\t\t\t\t\t<i class=\"fab fa-instagram\"><\/i>\t\t\t\t\t<\/a>\n\t\t\t\t<\/span>\n\t\t\t\t\t\t\t<span class=\"elementor-grid-item\">\n\t\t\t\t\t<a class=\"elementor-icon elementor-social-icon elementor-social-icon-youtube elementor-repeater-item-c7d9b22\" href=\"https:\/\/www.youtube.com\/channel\/UCGbJ8h5gughICkIJ5MyxJBQ\" target=\"_blank\">\n\t\t\t\t\t\t<span class=\"elementor-screen-only\">Youtube<\/span>\n\t\t\t\t\t\t<i class=\"fab fa-youtube\"><\/i>\t\t\t\t\t<\/a>\n\t\t\t\t<\/span>\n\t\t\t\t\t<\/div>\n\t\t\t\t<\/div>\n\t\t\t\t<\/div>\n\t\t\t\t\t<\/div>\n\t\t<\/div>\n\t\t\t\t\t<\/div>\n\t\t<\/section>\n\t\t\t\t<\/div>\n\t\t","protected":false},"excerpt":{"rendered":"<p>Campanha de P\u00e1scoa: Doce Sabor A Associa\u00e7\u00e3o Brasileira da Ind\u00fastria de Panifica\u00e7\u00e3o e Confeitaria (Abip), por meio de sua Comiss\u00e3o de Marketing, tem a honra de apresentar a campanha de P\u00e1scoa: Doce Sabor. Na P\u00e1scoa, uma \u00e9poca doce e repleta de bons sentimentos, o verdadeiro significado da vida ressoa em nossos cora\u00e7\u00f5es. A fam\u00edlia, a [&hellip;]<\/p>\n","protected":false},"author":1,"featured_media":0,"parent":0,"menu_order":0,"comment_status":"closed","ping_status":"closed","template":"","meta":{"footnotes":""},"class_list":["post-41340","page","type-page","status-publish","hentry"],"_links":{"self":[{"href":"https:\/\/www.abip.org.br\/site\/wp-json\/wp\/v2\/pages\/41340","targetHints":{"allow":["GET"]}}],"collection":[{"href":"https:\/\/www.abip.org.br\/site\/wp-json\/wp\/v2\/pages"}],"about":[{"href":"https:\/\/www.abip.org.br\/site\/wp-json\/wp\/v2\/types\/page"}],"author":[{"embeddable":true,"href":"https:\/\/www.abip.org.br\/site\/wp-json\/wp\/v2\/users\/1"}],"replies":[{"embeddable":true,"href":"https:\/\/www.abip.org.br\/site\/wp-json\/wp\/v2\/comments?post=41340"}],"version-history":[{"count":19,"href":"https:\/\/www.abip.org.br\/site\/wp-json\/wp\/v2\/pages\/41340\/revisions"}],"predecessor-version":[{"id":41372,"href":"https:\/\/www.abip.org.br\/site\/wp-json\/wp\/v2\/pages\/41340\/revisions\/41372"}],"wp:attachment":[{"href":"https:\/\/www.abip.org.br\/site\/wp-json\/wp\/v2\/media?parent=41340"}],"curies":[{"name":"wp","href":"https:\/\/api.w.org\/{rel}","templated":true}]}}