{"id":40371,"date":"2023-06-27T12:03:42","date_gmt":"2023-06-27T14:03:42","guid":{"rendered":"https:\/\/www.abip.org.br\/site\/dia-das-maes-2022-copy\/"},"modified":"2023-06-28T12:46:12","modified_gmt":"2023-06-28T14:46:12","slug":"dia-do-panificador","status":"publish","type":"page","link":"https:\/\/www.abip.org.br\/site\/dia-do-panificador\/","title":{"rendered":"Dia do Panificador"},"content":{"rendered":"\t\t<div data-elementor-type=\"wp-page\" data-elementor-id=\"40371\" class=\"elementor elementor-40371\" data-elementor-post-type=\"page\">\n\t\t\t\t\t\t<section class=\"elementor-section elementor-top-section elementor-element elementor-element-d10b0a5 elementor-section-boxed elementor-section-height-default elementor-section-height-default\" data-id=\"d10b0a5\" data-element_type=\"section\">\n\t\t\t\t\t\t<div class=\"elementor-container elementor-column-gap-default\">\n\t\t\t\t\t<div class=\"elementor-column elementor-col-100 elementor-top-column elementor-element elementor-element-6df2127\" data-id=\"6df2127\" data-element_type=\"column\">\n\t\t\t<div class=\"elementor-widget-wrap elementor-element-populated\">\n\t\t\t\t\t\t<div class=\"elementor-element elementor-element-77a2c65 elementor-widget elementor-widget-text-editor\" data-id=\"77a2c65\" data-element_type=\"widget\" data-widget_type=\"text-editor.default\">\n\t\t\t\t<div class=\"elementor-widget-container\">\n\t\t\t\t\t\t\t<p>A Associa\u00e7\u00e3o Brasileira da Ind\u00fastria de Panifica\u00e7\u00e3o e Confeitaria (Abip) apresenta a voc\u00eas a Campanha do Dia do Panificador, celebrado em 8 de julho.<\/p><p>Fa\u00e7a o download do material de forma gratuita e reforce entre associados, clientes e amigos o orgulho de ser Panificador!<\/p><p>A Abip autoriza que todas as entidades filiadas e os empreendedores associados a essas institui\u00e7\u00f5es utilizem seus logos e marcas, junto com os da Abip, em todo o material disponibilizado.<\/p><p>Vem com a gente, vamos construir uma panifica\u00e7\u00e3o cada vez mais Integrada, Conectada e Forte.<\/p>\t\t\t\t\t\t<\/div>\n\t\t\t\t<\/div>\n\t\t\t\t\t<\/div>\n\t\t<\/div>\n\t\t\t\t\t<\/div>\n\t\t<\/section>\n\t\t\t\t<section class=\"elementor-section elementor-top-section elementor-element elementor-element-f68d193 elementor-section-boxed elementor-section-height-default elementor-section-height-default\" data-id=\"f68d193\" data-element_type=\"section\">\n\t\t\t\t\t\t<div class=\"elementor-container elementor-column-gap-default\">\n\t\t\t\t\t<div class=\"elementor-column elementor-col-50 elementor-top-column elementor-element elementor-element-b58eba1\" data-id=\"b58eba1\" data-element_type=\"column\">\n\t\t\t<div class=\"elementor-widget-wrap elementor-element-populated\">\n\t\t\t\t\t\t<div class=\"elementor-element elementor-element-ae447a1 elementor-view-default elementor-widget elementor-widget-icon\" data-id=\"ae447a1\" data-element_type=\"widget\" data-widget_type=\"icon.default\">\n\t\t\t\t<div class=\"elementor-widget-container\">\n\t\t\t\t\t<div class=\"elementor-icon-wrapper\">\n\t\t\t<a class=\"elementor-icon\" href=\"https:\/\/www.abip.org.br\/cardspanificador.zip\">\n\t\t\t<i aria-hidden=\"true\" class=\"fas fa-file-archive\"><\/i>\t\t\t<\/a>\n\t\t<\/div>\n\t\t\t\t<\/div>\n\t\t\t\t<\/div>\n\t\t\t\t<div class=\"elementor-element elementor-element-19257e2 elementor-widget elementor-widget-heading\" data-id=\"19257e2\" data-element_type=\"widget\" data-widget_type=\"heading.default\">\n\t\t\t\t<div class=\"elementor-widget-container\">\n\t\t\t<h2 class=\"elementor-heading-title elementor-size-default\">Posts<\/h2>\t\t<\/div>\n\t\t\t\t<\/div>\n\t\t\t\t\t<\/div>\n\t\t<\/div>\n\t\t\t\t<div class=\"elementor-column elementor-col-50 elementor-top-column elementor-element elementor-element-325389d\" data-id=\"325389d\" data-element_type=\"column\">\n\t\t\t<div class=\"elementor-widget-wrap elementor-element-populated\">\n\t\t\t\t\t\t<div class=\"elementor-element elementor-element-ffa9f9b elementor-view-default elementor-widget elementor-widget-icon\" data-id=\"ffa9f9b\" data-element_type=\"widget\" data-widget_type=\"icon.default\">\n\t\t\t\t<div class=\"elementor-widget-container\">\n\t\t\t\t\t<div class=\"elementor-icon-wrapper\">\n\t\t\t<a class=\"elementor-icon\" href=\"https:\/\/www.abip.org.br\/cartazpanificador.zip\">\n\t\t\t<i aria-hidden=\"true\" class=\"fas fa-file-archive\"><\/i>\t\t\t<\/a>\n\t\t<\/div>\n\t\t\t\t<\/div>\n\t\t\t\t<\/div>\n\t\t\t\t<div class=\"elementor-element elementor-element-932b59b elementor-widget elementor-widget-heading\" data-id=\"932b59b\" data-element_type=\"widget\" data-widget_type=\"heading.default\">\n\t\t\t\t<div class=\"elementor-widget-container\">\n\t\t\t<h2 class=\"elementor-heading-title elementor-size-default\">Cartaz A3<\/h2>\t\t<\/div>\n\t\t\t\t<\/div>\n\t\t\t\t\t<\/div>\n\t\t<\/div>\n\t\t\t\t\t<\/div>\n\t\t<\/section>\n\t\t\t\t<\/div>\n\t\t","protected":false},"excerpt":{"rendered":"<p>A Associa\u00e7\u00e3o Brasileira da Ind\u00fastria de Panifica\u00e7\u00e3o e Confeitaria (Abip) apresenta a voc\u00eas a Campanha do Dia do Panificador, celebrado em 8 de julho. Fa\u00e7a o download do material de forma gratuita e reforce entre associados, clientes e amigos o orgulho de ser Panificador! A Abip autoriza que todas as entidades filiadas e os empreendedores [&hellip;]<\/p>\n","protected":false},"author":1,"featured_media":0,"parent":0,"menu_order":0,"comment_status":"closed","ping_status":"closed","template":"","meta":{"footnotes":""},"class_list":["post-40371","page","type-page","status-publish","hentry"],"_links":{"self":[{"href":"https:\/\/www.abip.org.br\/site\/wp-json\/wp\/v2\/pages\/40371","targetHints":{"allow":["GET"]}}],"collection":[{"href":"https:\/\/www.abip.org.br\/site\/wp-json\/wp\/v2\/pages"}],"about":[{"href":"https:\/\/www.abip.org.br\/site\/wp-json\/wp\/v2\/types\/page"}],"author":[{"embeddable":true,"href":"https:\/\/www.abip.org.br\/site\/wp-json\/wp\/v2\/users\/1"}],"replies":[{"embeddable":true,"href":"https:\/\/www.abip.org.br\/site\/wp-json\/wp\/v2\/comments?post=40371"}],"version-history":[{"count":19,"href":"https:\/\/www.abip.org.br\/site\/wp-json\/wp\/v2\/pages\/40371\/revisions"}],"predecessor-version":[{"id":40404,"href":"https:\/\/www.abip.org.br\/site\/wp-json\/wp\/v2\/pages\/40371\/revisions\/40404"}],"wp:attachment":[{"href":"https:\/\/www.abip.org.br\/site\/wp-json\/wp\/v2\/media?parent=40371"}],"curies":[{"name":"wp","href":"https:\/\/api.w.org\/{rel}","templated":true}]}}