{"id":38232,"date":"2022-09-26T11:04:48","date_gmt":"2022-09-26T13:04:48","guid":{"rendered":"https:\/\/www.abip.org.br\/site\/?page_id=38232"},"modified":"2022-09-27T11:42:52","modified_gmt":"2022-09-27T13:42:52","slug":"cartilha-da-central-de-negocios","status":"publish","type":"page","link":"https:\/\/www.abip.org.br\/site\/cartilha-da-central-de-negocios\/","title":{"rendered":"Cartilha da Central de Neg\u00f3cios"},"content":{"rendered":"\t\t<div data-elementor-type=\"wp-page\" data-elementor-id=\"38232\" class=\"elementor elementor-38232\" data-elementor-post-type=\"page\">\n\t\t\t\t\t\t<section class=\"elementor-section elementor-top-section elementor-element elementor-element-634f86f elementor-section-boxed elementor-section-height-default elementor-section-height-default\" data-id=\"634f86f\" data-element_type=\"section\">\n\t\t\t\t\t\t<div class=\"elementor-container elementor-column-gap-default\">\n\t\t\t\t\t<div class=\"elementor-column elementor-col-100 elementor-top-column elementor-element elementor-element-7bef198\" data-id=\"7bef198\" data-element_type=\"column\">\n\t\t\t<div class=\"elementor-widget-wrap elementor-element-populated\">\n\t\t\t\t\t\t<div class=\"elementor-element elementor-element-48d4daf elementor-widget elementor-widget-image\" data-id=\"48d4daf\" data-element_type=\"widget\" data-widget_type=\"image.default\">\n\t\t\t\t<div class=\"elementor-widget-container\">\n\t\t\t\t\t\t\t\t\t\t\t\t\t<img fetchpriority=\"high\" decoding=\"async\" width=\"800\" height=\"260\" src=\"https:\/\/www.abip.org.br\/site\/wp-content\/uploads\/2022\/09\/ABIP-bannerCARTILHA-1024x333.jpg\" class=\"attachment-large size-large wp-image-38278\" alt=\"\" srcset=\"https:\/\/www.abip.org.br\/site\/wp-content\/uploads\/2022\/09\/ABIP-bannerCARTILHA-1024x333.jpg 1024w, https:\/\/www.abip.org.br\/site\/wp-content\/uploads\/2022\/09\/ABIP-bannerCARTILHA-300x98.jpg 300w, https:\/\/www.abip.org.br\/site\/wp-content\/uploads\/2022\/09\/ABIP-bannerCARTILHA-768x250.jpg 768w, https:\/\/www.abip.org.br\/site\/wp-content\/uploads\/2022\/09\/ABIP-bannerCARTILHA.jpg 1120w\" sizes=\"(max-width: 800px) 100vw, 800px\" \/>\t\t\t\t\t\t\t\t\t\t\t\t\t<\/div>\n\t\t\t\t<\/div>\n\t\t\t\t\t<\/div>\n\t\t<\/div>\n\t\t\t\t\t<\/div>\n\t\t<\/section>\n\t\t\t\t<section class=\"elementor-section elementor-top-section elementor-element elementor-element-e758b7a elementor-section-boxed elementor-section-height-default elementor-section-height-default\" data-id=\"e758b7a\" data-element_type=\"section\">\n\t\t\t\t\t\t<div class=\"elementor-container elementor-column-gap-default\">\n\t\t\t\t\t<div class=\"elementor-column elementor-col-50 elementor-top-column elementor-element elementor-element-6ccd089\" data-id=\"6ccd089\" data-element_type=\"column\">\n\t\t\t<div class=\"elementor-widget-wrap elementor-element-populated\">\n\t\t\t\t\t\t<div class=\"elementor-element elementor-element-035657b elementor-widget elementor-widget-heading\" data-id=\"035657b\" data-element_type=\"widget\" data-widget_type=\"heading.default\">\n\t\t\t\t<div class=\"elementor-widget-container\">\n\t\t\t<h2 class=\"elementor-heading-title elementor-size-default\">O que voc\u00ea vai encontrar na cartilha?<br><bR><\/h2>\t\t<\/div>\n\t\t\t\t<\/div>\n\t\t\t\t<div class=\"elementor-element elementor-element-4594369 elementor-icon-list--layout-traditional elementor-list-item-link-full_width elementor-widget elementor-widget-icon-list\" data-id=\"4594369\" data-element_type=\"widget\" data-widget_type=\"icon-list.default\">\n\t\t\t\t<div class=\"elementor-widget-container\">\n\t\t\t\t\t<ul class=\"elementor-icon-list-items\">\n\t\t\t\t\t\t\t<li class=\"elementor-icon-list-item\">\n\t\t\t\t\t\t\t\t\t\t\t<span class=\"elementor-icon-list-icon\">\n\t\t\t\t\t\t\t<i aria-hidden=\"true\" class=\"fas fa-check\"><\/i>\t\t\t\t\t\t<\/span>\n\t\t\t\t\t\t\t\t\t\t<span class=\"elementor-icon-list-text\">O QUE \u00c9 UMA CENTRAL DE NEG\u00d3CIOS<\/span>\n\t\t\t\t\t\t\t\t\t<\/li>\n\t\t\t\t\t\t\t\t<li class=\"elementor-icon-list-item\">\n\t\t\t\t\t\t\t\t\t\t\t<span class=\"elementor-icon-list-icon\">\n\t\t\t\t\t\t\t<i aria-hidden=\"true\" class=\"fas fa-check\"><\/i>\t\t\t\t\t\t<\/span>\n\t\t\t\t\t\t\t\t\t\t<span class=\"elementor-icon-list-text\">GEST\u00c3O<\/span>\n\t\t\t\t\t\t\t\t\t<\/li>\n\t\t\t\t\t\t\t\t<li class=\"elementor-icon-list-item\">\n\t\t\t\t\t\t\t\t\t\t\t<span class=\"elementor-icon-list-icon\">\n\t\t\t\t\t\t\t<i aria-hidden=\"true\" class=\"fas fa-check\"><\/i>\t\t\t\t\t\t<\/span>\n\t\t\t\t\t\t\t\t\t\t<span class=\"elementor-icon-list-text\">FUNCIONAMENTO DE UMA CENTRAL DE NEG\u00d3CIOS<\/span>\n\t\t\t\t\t\t\t\t\t<\/li>\n\t\t\t\t\t\t\t\t<li class=\"elementor-icon-list-item\">\n\t\t\t\t\t\t\t\t\t\t\t<span class=\"elementor-icon-list-icon\">\n\t\t\t\t\t\t\t<i aria-hidden=\"true\" class=\"fas fa-check\"><\/i>\t\t\t\t\t\t<\/span>\n\t\t\t\t\t\t\t\t\t\t<span class=\"elementor-icon-list-text\">TRIBUTA\u00c7\u00c3O<\/span>\n\t\t\t\t\t\t\t\t\t<\/li>\n\t\t\t\t\t\t\t\t<li class=\"elementor-icon-list-item\">\n\t\t\t\t\t\t\t\t\t\t\t<span class=\"elementor-icon-list-icon\">\n\t\t\t\t\t\t\t<i aria-hidden=\"true\" class=\"fas fa-check\"><\/i>\t\t\t\t\t\t<\/span>\n\t\t\t\t\t\t\t\t\t\t<span class=\"elementor-icon-list-text\">LEGISLA\u00c7\u00c3O<\/span>\n\t\t\t\t\t\t\t\t\t<\/li>\n\t\t\t\t\t\t\t\t<li class=\"elementor-icon-list-item\">\n\t\t\t\t\t\t\t\t\t\t\t<span class=\"elementor-icon-list-icon\">\n\t\t\t\t\t\t\t<i aria-hidden=\"true\" class=\"fas fa-check\"><\/i>\t\t\t\t\t\t<\/span>\n\t\t\t\t\t\t\t\t\t\t<span class=\"elementor-icon-list-text\">COMO CONSTITUIR UMA CENTRAL DE NEG\u00d3CIOS<\/span>\n\t\t\t\t\t\t\t\t\t<\/li>\n\t\t\t\t\t\t\t\t<li class=\"elementor-icon-list-item\">\n\t\t\t\t\t\t\t\t\t\t\t<span class=\"elementor-icon-list-icon\">\n\t\t\t\t\t\t\t<i aria-hidden=\"true\" class=\"fas fa-check\"><\/i>\t\t\t\t\t\t<\/span>\n\t\t\t\t\t\t\t\t\t\t<span class=\"elementor-icon-list-text\">SUGEST\u00c3O DE ROTEIRO PARA CRIAR UMA CENTRAL DE NEG\u00d3CIOS<\/span>\n\t\t\t\t\t\t\t\t\t<\/li>\n\t\t\t\t\t\t<\/ul>\n\t\t\t\t<\/div>\n\t\t\t\t<\/div>\n\t\t\t\t<div class=\"elementor-element elementor-element-f5fd283 elementor-widget elementor-widget-heading\" data-id=\"f5fd283\" data-element_type=\"widget\" data-widget_type=\"heading.default\">\n\t\t\t\t<div class=\"elementor-widget-container\">\n\t\t\t<h2 class=\"elementor-heading-title elementor-size-default\">1\u00aa Fase de Sensibiliza\u00e7\u00e3o<br>\n 2\u00aa Fase de Constitui\u00e7\u00e3o<br>\n 3\u00aa Fase de Pr\u00e9-Operacionaliza\u00e7\u00e3o<br>\n 4\u00aa Fase de Operacionaliza\u00e7\u00e3o<\/h2>\t\t<\/div>\n\t\t\t\t<\/div>\n\t\t\t\t<div class=\"elementor-element elementor-element-483b22b elementor-icon-list--layout-traditional elementor-list-item-link-full_width elementor-widget elementor-widget-icon-list\" data-id=\"483b22b\" data-element_type=\"widget\" data-widget_type=\"icon-list.default\">\n\t\t\t\t<div class=\"elementor-widget-container\">\n\t\t\t\t\t<ul class=\"elementor-icon-list-items\">\n\t\t\t\t\t\t\t<li class=\"elementor-icon-list-item\">\n\t\t\t\t\t\t\t\t\t\t\t<span class=\"elementor-icon-list-icon\">\n\t\t\t\t\t\t\t<i aria-hidden=\"true\" class=\"fas fa-check\"><\/i>\t\t\t\t\t\t<\/span>\n\t\t\t\t\t\t\t\t\t\t<span class=\"elementor-icon-list-text\">COMO A ABIP PODE AJUD\u00c1-LO<\/span>\n\t\t\t\t\t\t\t\t\t<\/li>\n\t\t\t\t\t\t\t\t<li class=\"elementor-icon-list-item\">\n\t\t\t\t\t\t\t\t\t\t\t<span class=\"elementor-icon-list-icon\">\n\t\t\t\t\t\t\t<i aria-hidden=\"true\" class=\"fas fa-check\"><\/i>\t\t\t\t\t\t<\/span>\n\t\t\t\t\t\t\t\t\t\t<span class=\"elementor-icon-list-text\">ANEXOS E DOCUMENTOS COMPLEMENTARES<\/span>\n\t\t\t\t\t\t\t\t\t<\/li>\n\t\t\t\t\t\t<\/ul>\n\t\t\t\t<\/div>\n\t\t\t\t<\/div>\n\t\t\t\t<div class=\"elementor-element elementor-element-a83c8b8 elementor-widget elementor-widget-heading\" data-id=\"a83c8b8\" data-element_type=\"widget\" data-widget_type=\"heading.default\">\n\t\t\t\t<div class=\"elementor-widget-container\">\n\t\t\t<h2 class=\"elementor-heading-title elementor-size-default\">Modelo de regimento interno<br> Ficha de cadastro de filia\u00e7\u00e3o <\/h2>\t\t<\/div>\n\t\t\t\t<\/div>\n\t\t\t\t\t<\/div>\n\t\t<\/div>\n\t\t\t\t<div class=\"elementor-column elementor-col-50 elementor-top-column elementor-element elementor-element-07032c8\" data-id=\"07032c8\" data-element_type=\"column\">\n\t\t\t<div class=\"elementor-widget-wrap elementor-element-populated\">\n\t\t\t\t\t\t<div class=\"elementor-element elementor-element-9040932 elementor-widget elementor-widget-heading\" data-id=\"9040932\" data-element_type=\"widget\" data-widget_type=\"heading.default\">\n\t\t\t\t<div class=\"elementor-widget-container\">\n\t\t\t<h2 class=\"elementor-heading-title elementor-size-default\">Preencha seus dados para baixar a cartilha<\/h2>\t\t<\/div>\n\t\t\t\t<\/div>\n\t\t\t\t<div class=\"elementor-element elementor-element-51e148f elementor-button-align-center elementor-widget elementor-widget-form\" data-id=\"51e148f\" data-element_type=\"widget\" data-settings=\"{&quot;step_next_label&quot;:&quot;Next&quot;,&quot;step_previous_label&quot;:&quot;Previous&quot;,&quot;button_width&quot;:&quot;100&quot;,&quot;step_type&quot;:&quot;number_text&quot;,&quot;step_icon_shape&quot;:&quot;circle&quot;}\" data-widget_type=\"form.default\">\n\t\t\t\t<div class=\"elementor-widget-container\">\n\t\t\t\t\t<form class=\"elementor-form\" method=\"post\" name=\"Cartilha\">\n\t\t\t<input type=\"hidden\" name=\"post_id\" value=\"38232\"\/>\n\t\t\t<input type=\"hidden\" name=\"form_id\" value=\"51e148f\"\/>\n\t\t\t<input type=\"hidden\" name=\"referer_title\" value=\"\" \/>\n\n\t\t\t\n\t\t\t<div class=\"elementor-form-fields-wrapper elementor-labels-above\">\n\t\t\t\t\t\t\t\t<div class=\"elementor-field-type-text elementor-field-group elementor-column elementor-field-group-name elementor-col-100\">\n\t\t\t\t\t\t\t\t\t\t\t\t<label for=\"form-field-name\" class=\"elementor-field-label\">\n\t\t\t\t\t\t\t\tNome\t\t\t\t\t\t\t<\/label>\n\t\t\t\t\t\t\t\t\t\t\t\t\t\t<input size=\"1\" type=\"text\" name=\"form_fields[name]\" id=\"form-field-name\" class=\"elementor-field elementor-size-sm  elementor-field-textual\" placeholder=\"Digite seu nome completo\">\n\t\t\t\t\t\t\t\t\t\t\t<\/div>\n\t\t\t\t\t\t\t\t<div class=\"elementor-field-type-maskphone_with_ddd elementor-field-group elementor-column elementor-field-group-field_e1a1933 elementor-col-100\">\n\t\t\t\t\t\t\t\t\t\t\t\t<label for=\"form-field-field_e1a1933\" class=\"elementor-field-label\">\n\t\t\t\t\t\t\t\tFone\t\t\t\t\t\t\t<\/label>\n\t\t\t\t\t\t<input size=\"1\" type=\"tel\" name=\"form_fields[field_e1a1933]\" id=\"form-field-field_e1a1933\" class=\"elementor-field elementor-size-sm  elementor-field-textual phone_with_ddd\" placeholder=\"Fone\">\t\t\t\t<\/div>\n\t\t\t\t\t\t\t\t<div class=\"elementor-field-type-email elementor-field-group elementor-column elementor-field-group-email elementor-col-100 elementor-field-required\">\n\t\t\t\t\t\t\t\t\t\t\t\t<label for=\"form-field-email\" class=\"elementor-field-label\">\n\t\t\t\t\t\t\t\tEmail\t\t\t\t\t\t\t<\/label>\n\t\t\t\t\t\t\t\t\t\t\t\t\t\t<input size=\"1\" type=\"email\" name=\"form_fields[email]\" id=\"form-field-email\" class=\"elementor-field elementor-size-sm  elementor-field-textual\" placeholder=\"Digite seu email\" required=\"required\" aria-required=\"true\">\n\t\t\t\t\t\t\t\t\t\t\t<\/div>\n\t\t\t\t\t\t\t\t<div class=\"elementor-field-type-text elementor-field-group elementor-column elementor-field-group-field_5a69f6a elementor-col-100\">\n\t\t\t\t\t\t\t\t\t\t\t\t<label for=\"form-field-field_5a69f6a\" class=\"elementor-field-label\">\n\t\t\t\t\t\t\t\tCidade\t\t\t\t\t\t\t<\/label>\n\t\t\t\t\t\t\t\t\t\t\t\t\t\t<input size=\"1\" type=\"text\" name=\"form_fields[field_5a69f6a]\" id=\"form-field-field_5a69f6a\" class=\"elementor-field elementor-size-sm  elementor-field-textual\" placeholder=\"Digite sua cidade\">\n\t\t\t\t\t\t\t\t\t\t\t<\/div>\n\t\t\t\t\t\t\t\t<div class=\"elementor-field-type-select elementor-field-group elementor-column elementor-field-group-field_2531f3a elementor-col-100 elementor-field-required\">\n\t\t\t\t\t\t\t\t\t\t\t\t<label for=\"form-field-field_2531f3a\" class=\"elementor-field-label\">\n\t\t\t\t\t\t\t\tEstado\t\t\t\t\t\t\t<\/label>\n\t\t\t\t\t\t\t\t<div class=\"elementor-field elementor-select-wrapper remove-before \">\n\t\t\t<div class=\"select-caret-down-wrapper\">\n\t\t\t\t<i aria-hidden=\"true\" class=\"eicon-caret-down\"><\/i>\t\t\t<\/div>\n\t\t\t<select name=\"form_fields[field_2531f3a]\" id=\"form-field-field_2531f3a\" class=\"elementor-field-textual elementor-size-sm\" required=\"required\" aria-required=\"true\">\n\t\t\t\t\t\t\t\t\t<option value=\"Alagoas\">Alagoas<\/option>\n\t\t\t\t\t\t\t\t\t<option value=\"Amap\u00e1\">Amap\u00e1<\/option>\n\t\t\t\t\t\t\t\t\t<option value=\"Amazonas\">Amazonas<\/option>\n\t\t\t\t\t\t\t\t\t<option value=\"Bahia\">Bahia<\/option>\n\t\t\t\t\t\t\t\t\t<option value=\"Cear\u00e1\">Cear\u00e1<\/option>\n\t\t\t\t\t\t\t\t\t<option value=\"Esp\u00edrito Santo\">Esp\u00edrito Santo<\/option>\n\t\t\t\t\t\t\t\t\t<option value=\"Goi\u00e1s\">Goi\u00e1s<\/option>\n\t\t\t\t\t\t\t\t\t<option value=\"Maranh\u00e3o\">Maranh\u00e3o<\/option>\n\t\t\t\t\t\t\t\t\t<option value=\"Mato Grosso\">Mato Grosso<\/option>\n\t\t\t\t\t\t\t\t\t<option value=\"Mato Grosso do Sul\">Mato Grosso do Sul<\/option>\n\t\t\t\t\t\t\t\t\t<option value=\"Minas Gerais\">Minas Gerais<\/option>\n\t\t\t\t\t\t\t\t\t<option value=\"Par\u00e1\">Par\u00e1<\/option>\n\t\t\t\t\t\t\t\t\t<option value=\"Para\u00edba\">Para\u00edba<\/option>\n\t\t\t\t\t\t\t\t\t<option value=\"Paran\u00e1\">Paran\u00e1<\/option>\n\t\t\t\t\t\t\t\t\t<option value=\"Pernambuco\">Pernambuco<\/option>\n\t\t\t\t\t\t\t\t\t<option value=\"Piau\u00ed\">Piau\u00ed<\/option>\n\t\t\t\t\t\t\t\t\t<option value=\"Rio de Janeiro\">Rio de Janeiro<\/option>\n\t\t\t\t\t\t\t\t\t<option value=\"Rio Grande do Norte\">Rio Grande do Norte<\/option>\n\t\t\t\t\t\t\t\t\t<option value=\"Rio Grande do Sul\">Rio Grande do Sul<\/option>\n\t\t\t\t\t\t\t\t\t<option value=\"Rond\u00f4nia\">Rond\u00f4nia<\/option>\n\t\t\t\t\t\t\t\t\t<option value=\"Roraima\">Roraima<\/option>\n\t\t\t\t\t\t\t\t\t<option value=\"Santa Catarina\">Santa Catarina<\/option>\n\t\t\t\t\t\t\t\t\t<option value=\"S\u00e3o Paulo\">S\u00e3o Paulo<\/option>\n\t\t\t\t\t\t\t\t\t<option value=\"Sergipe\">Sergipe<\/option>\n\t\t\t\t\t\t\t\t\t<option value=\"Tocantins\">Tocantins<\/option>\n\t\t\t\t\t\t\t\t\t<option value=\"Distrito Federal\">Distrito Federal<\/option>\n\t\t\t\t\t\t\t\t\t<option value=\"\"><\/option>\n\t\t\t\t\t\t\t<\/select>\n\t\t<\/div>\n\t\t\t\t\t\t<\/div>\n\t\t\t\t\t\t\t\t<div class=\"elementor-field-type-select elementor-field-group elementor-column elementor-field-group-field_5e43d44 elementor-col-100 elementor-field-required\">\n\t\t\t\t\t\t\t\t\t\t\t\t<label for=\"form-field-field_5e43d44\" class=\"elementor-field-label\">\n\t\t\t\t\t\t\t\tAtua\u00e7\u00e3o|Cargo\t\t\t\t\t\t\t<\/label>\n\t\t\t\t\t\t\t\t<div class=\"elementor-field elementor-select-wrapper remove-before \">\n\t\t\t<div class=\"select-caret-down-wrapper\">\n\t\t\t\t<i aria-hidden=\"true\" class=\"eicon-caret-down\"><\/i>\t\t\t<\/div>\n\t\t\t<select name=\"form_fields[field_5e43d44]\" id=\"form-field-field_5e43d44\" class=\"elementor-field-textual elementor-size-sm\" required=\"required\" aria-required=\"true\">\n\t\t\t\t\t\t\t\t\t<option value=\"Panificador\">Panificador<\/option>\n\t\t\t\t\t\t\t\t\t<option value=\"Confeiteiro;\">Confeiteiro;<\/option>\n\t\t\t\t\t\t\t\t\t<option value=\"Empreendedor do Setor de Alimentos\">Empreendedor do Setor de Alimentos<\/option>\n\t\t\t\t\t\t\t\t\t<option value=\"RH e Comercial\">RH e Comercial<\/option>\n\t\t\t\t\t\t\t\t\t<option value=\"Comunica\u00e7\u00e3o e MKT\">Comunica\u00e7\u00e3o e MKT<\/option>\n\t\t\t\t\t\t\t\t\t<option value=\"Outros\">Outros<\/option>\n\t\t\t\t\t\t\t<\/select>\n\t\t<\/div>\n\t\t\t\t\t\t<\/div>\n\t\t\t\t\t\t\t\t<div class=\"elementor-field-group elementor-column elementor-field-type-submit elementor-col-100 e-form__buttons\">\n\t\t\t\t\t<button class=\"elementor-button elementor-size-sm\" type=\"submit\">\n\t\t\t\t\t\t<span class=\"elementor-button-content-wrapper\">\n\t\t\t\t\t\t\t\t\t\t\t\t\t\t\t\t\t\t\t\t\t\t<span class=\"elementor-button-text\">BAIXAR<\/span>\n\t\t\t\t\t\t\t\t\t\t\t\t\t<\/span>\n\t\t\t\t\t<\/button>\n\t\t\t\t<\/div>\n\t\t\t<\/div>\n\t\t<\/form>\n\t\t\t\t<\/div>\n\t\t\t\t<\/div>\n\t\t\t\t\t<\/div>\n\t\t<\/div>\n\t\t\t\t\t<\/div>\n\t\t<\/section>\n\t\t\t\t<\/div>\n\t\t","protected":false},"excerpt":{"rendered":"<p>O que voc\u00ea vai encontrar na cartilha? O QUE \u00c9 UMA CENTRAL DE NEG\u00d3CIOS GEST\u00c3O FUNCIONAMENTO DE UMA CENTRAL DE NEG\u00d3CIOS TRIBUTA\u00c7\u00c3O LEGISLA\u00c7\u00c3O COMO CONSTITUIR UMA CENTRAL DE NEG\u00d3CIOS SUGEST\u00c3O DE ROTEIRO PARA CRIAR UMA CENTRAL DE NEG\u00d3CIOS 1\u00aa Fase de Sensibiliza\u00e7\u00e3o 2\u00aa Fase de Constitui\u00e7\u00e3o 3\u00aa Fase de Pr\u00e9-Operacionaliza\u00e7\u00e3o 4\u00aa Fase de Operacionaliza\u00e7\u00e3o COMO [&hellip;]<\/p>\n","protected":false},"author":1,"featured_media":0,"parent":0,"menu_order":0,"comment_status":"closed","ping_status":"closed","template":"elementor_header_footer","meta":{"footnotes":""},"class_list":["post-38232","page","type-page","status-publish","hentry"],"_links":{"self":[{"href":"https:\/\/www.abip.org.br\/site\/wp-json\/wp\/v2\/pages\/38232","targetHints":{"allow":["GET"]}}],"collection":[{"href":"https:\/\/www.abip.org.br\/site\/wp-json\/wp\/v2\/pages"}],"about":[{"href":"https:\/\/www.abip.org.br\/site\/wp-json\/wp\/v2\/types\/page"}],"author":[{"embeddable":true,"href":"https:\/\/www.abip.org.br\/site\/wp-json\/wp\/v2\/users\/1"}],"replies":[{"embeddable":true,"href":"https:\/\/www.abip.org.br\/site\/wp-json\/wp\/v2\/comments?post=38232"}],"version-history":[{"count":39,"href":"https:\/\/www.abip.org.br\/site\/wp-json\/wp\/v2\/pages\/38232\/revisions"}],"predecessor-version":[{"id":38297,"href":"https:\/\/www.abip.org.br\/site\/wp-json\/wp\/v2\/pages\/38232\/revisions\/38297"}],"wp:attachment":[{"href":"https:\/\/www.abip.org.br\/site\/wp-json\/wp\/v2\/media?parent=38232"}],"curies":[{"name":"wp","href":"https:\/\/api.w.org\/{rel}","templated":true}]}}