{"id":31229,"date":"2021-08-12T17:27:12","date_gmt":"2021-08-12T19:27:12","guid":{"rendered":"https:\/\/www.abip.org.br\/site\/?page_id=31229"},"modified":"2021-08-13T15:03:33","modified_gmt":"2021-08-13T17:03:33","slug":"campanha-nacional-pao-e-nutricao","status":"publish","type":"page","link":"https:\/\/www.abip.org.br\/site\/campanha-nacional-pao-e-nutricao\/","title":{"rendered":"Campanha Nacional P\u00e3o \u00e9 Nutri\u00e7\u00e3o"},"content":{"rendered":"<p>A Associa\u00e7\u00e3o Brasileira da Ind\u00fastria de Panifica\u00e7\u00e3o e Confeitaria (Abip) apresenta a voc\u00eas, panificadores, a campanha nacional P\u00e3o \u00e9 Nutri\u00e7\u00e3o.<\/p>\n<p>Atrav\u00e9s dessa campanha vamos reafirmar os benef\u00edcios do p\u00e3o, suas variedades e sabores; lembrar que ele pode ser consumido em qualquer momento do dia, desmascarar mitos, al\u00e9m de trazer muita informa\u00e7\u00e3o boa do setor de panifica\u00e7\u00e3o.<\/p>\n<p>Vem com a gente! Vamos construir uma panifica\u00e7\u00e3o cada vez mais Forte, Integrada e Conectada. Fa\u00e7a o download do material e compartilhe nas redes sociais e aplicativos de mensagem.<\/p>\n<p><b>BAIXE AGORA MESMO TODO O MATERIAL DA CAMPANHA:<\/b><\/p>\n<p><span style=\"color: #073763;\"><a href=\"https:\/\/www.abip.org.br\/AGOSTO.zip\">M\u00caS DE AGOSTO DE 2021<\/a><\/span><\/p>\n<p><a href=\"https:\/\/www.abip.org.br\/SETEMBRO.zip\">M\u00caS DE SETEMBRO DE 2021<\/a><\/p>\n<p><a href=\"https:\/\/www.abip.org.br\/OUTUBRO.zip\">M\u00caS DE OUTUBRO DE 2021<\/a><\/p>\n<p><a href=\"https:\/\/www.abip.org.br\/site\/wp-content\/uploads\/2021\/08\/LEGENDA-PARA-ACOMPANHAR-OS-POST.docx\"><b><span style=\"color: #073763;\">SUGEST\u00c3O DE LEGENDA PARA OS POST<\/span><\/b><\/a><\/p>\n","protected":false},"excerpt":{"rendered":"<p>A Associa\u00e7\u00e3o Brasileira da Ind\u00fastria de Panifica\u00e7\u00e3o e Confeitaria (Abip) apresenta a voc\u00eas, panificadores, a campanha nacional P\u00e3o \u00e9 Nutri\u00e7\u00e3o. Atrav\u00e9s dessa campanha vamos reafirmar os benef\u00edcios do p\u00e3o, suas variedades e sabores; lembrar que ele pode ser consumido em qualquer momento do dia, desmascarar mitos, al\u00e9m de trazer muita informa\u00e7\u00e3o boa do setor de [&hellip;]<\/p>\n","protected":false},"author":101029,"featured_media":0,"parent":0,"menu_order":0,"comment_status":"closed","ping_status":"closed","template":"","meta":{"footnotes":""},"class_list":["post-31229","page","type-page","status-publish","hentry"],"_links":{"self":[{"href":"https:\/\/www.abip.org.br\/site\/wp-json\/wp\/v2\/pages\/31229","targetHints":{"allow":["GET"]}}],"collection":[{"href":"https:\/\/www.abip.org.br\/site\/wp-json\/wp\/v2\/pages"}],"about":[{"href":"https:\/\/www.abip.org.br\/site\/wp-json\/wp\/v2\/types\/page"}],"author":[{"embeddable":true,"href":"https:\/\/www.abip.org.br\/site\/wp-json\/wp\/v2\/users\/101029"}],"replies":[{"embeddable":true,"href":"https:\/\/www.abip.org.br\/site\/wp-json\/wp\/v2\/comments?post=31229"}],"version-history":[{"count":4,"href":"https:\/\/www.abip.org.br\/site\/wp-json\/wp\/v2\/pages\/31229\/revisions"}],"predecessor-version":[{"id":31236,"href":"https:\/\/www.abip.org.br\/site\/wp-json\/wp\/v2\/pages\/31229\/revisions\/31236"}],"wp:attachment":[{"href":"https:\/\/www.abip.org.br\/site\/wp-json\/wp\/v2\/media?parent=31229"}],"curies":[{"name":"wp","href":"https:\/\/api.w.org\/{rel}","templated":true}]}}